{"id":719,"date":"2015-09-18T15:27:44","date_gmt":"2015-09-18T15:27:44","guid":{"rendered":"https:\/\/gdparis.com\/fr\/portfolio\/"},"modified":"2018-09-27T08:36:40","modified_gmt":"2018-09-27T06:36:40","slug":"portfolio","status":"publish","type":"page","link":"https:\/\/gdparis.com\/fr\/portfolio\/","title":{"rendered":"Portfolio"},"content":{"rendered":"\n<p>Les diamants de GD sont purs et honn\u00eates.<br \/>\nAucune marque n\u2019augmente leur co\u00fbt. Aucun interm\u00e9diaire ne prend de marge.<\/p>\n<p>Nous offrons une sublime s\u00e9lection de joaillerie de design sophistiqu\u00e9 afin de compl\u00e9ter votre diamant. Nos diamants sont taill\u00e9s minutieusement \u00e0 main \u00e0 Anvers, capitale mondiale du diamant. Ils sont ensuite rigoureusement examin\u00e9s et certifi\u00e9s par le laboratoire gemmologique HRD Antwerp, gage d\u2019excellence europ\u00e9enne.<\/p>\n<p style=\"text-align: center;\"><a class=\"btn\" href=\"https:\/\/gdparis.com\/fr\/services\/\" target=\"_blank\" rel=\"noopener\">Nos services<\/a><\/p>\n","protected":false},"excerpt":{"rendered":"<p>Les diamants de GD sont purs et honn\u00eates. Aucune marque n\u2019augmente leur co\u00fbt. Aucun interm\u00e9diaire ne prend de marge. Nous offrons une sublime s\u00e9lection de joaillerie de design sophistiqu\u00e9 afin de compl\u00e9ter votre diamant. Nos diamants sont taill\u00e9s minutieusement \u00e0 main \u00e0 Anvers, capitale mondiale du diamant. Ils sont ensuite rigoureusement examin\u00e9s et certifi\u00e9s par&#8230;  <a class=\"excerpt-read-more\" href=\"https:\/\/gdparis.com\/fr\/portfolio\/\" title=\"Read Portfolio\">Read more &raquo;<\/a><\/p>\n","protected":false},"author":14,"featured_media":0,"parent":0,"menu_order":0,"comment_status":"closed","ping_status":"closed","template":"templates\/portfolio.php","meta":{"footnotes":""},"_links":{"self":[{"href":"https:\/\/gdparis.com\/fr\/wp-json\/wp\/v2\/pages\/719"}],"collection":[{"href":"https:\/\/gdparis.com\/fr\/wp-json\/wp\/v2\/pages"}],"about":[{"href":"https:\/\/gdparis.com\/fr\/wp-json\/wp\/v2\/types\/page"}],"author":[{"embeddable":true,"href":"https:\/\/gdparis.com\/fr\/wp-json\/wp\/v2\/users\/14"}],"replies":[{"embeddable":true,"href":"https:\/\/gdparis.com\/fr\/wp-json\/wp\/v2\/comments?post=719"}],"version-history":[{"count":2,"href":"https:\/\/gdparis.com\/fr\/wp-json\/wp\/v2\/pages\/719\/revisions"}],"predecessor-version":[{"id":4435,"href":"https:\/\/gdparis.com\/fr\/wp-json\/wp\/v2\/pages\/719\/revisions\/4435"}],"wp:attachment":[{"href":"https:\/\/gdparis.com\/fr\/wp-json\/wp\/v2\/media?parent=719"}],"curies":[{"name":"wp","href":"https:\/\/api.w.org\/{rel}","templated":true}]}}