{"id":716,"date":"2015-10-26T21:12:24","date_gmt":"2015-10-26T21:12:24","guid":{"rendered":"https:\/\/gdparis.com\/fr\/about\/"},"modified":"2018-09-20T14:37:15","modified_gmt":"2018-09-20T12:37:15","slug":"about","status":"publish","type":"page","link":"https:\/\/gdparis.com\/fr\/about\/","title":{"rendered":"Nous"},"content":{"rendered":"<p><em>Les cr\u00e9ations joailli\u00e8res de Galeries du Diamant \u00e0 Paris<\/em><\/p>\n","protected":false},"excerpt":{"rendered":"<p>Les cr\u00e9ations joailli\u00e8res de Galeries du Diamant \u00e0 Paris<\/p>\n","protected":false},"author":14,"featured_media":212,"parent":0,"menu_order":0,"comment_status":"closed","ping_status":"closed","template":"templates\/about.php","meta":{"footnotes":""},"_links":{"self":[{"href":"https:\/\/gdparis.com\/fr\/wp-json\/wp\/v2\/pages\/716"}],"collection":[{"href":"https:\/\/gdparis.com\/fr\/wp-json\/wp\/v2\/pages"}],"about":[{"href":"https:\/\/gdparis.com\/fr\/wp-json\/wp\/v2\/types\/page"}],"author":[{"embeddable":true,"href":"https:\/\/gdparis.com\/fr\/wp-json\/wp\/v2\/users\/14"}],"replies":[{"embeddable":true,"href":"https:\/\/gdparis.com\/fr\/wp-json\/wp\/v2\/comments?post=716"}],"version-history":[{"count":1,"href":"https:\/\/gdparis.com\/fr\/wp-json\/wp\/v2\/pages\/716\/revisions"}],"predecessor-version":[{"id":4308,"href":"https:\/\/gdparis.com\/fr\/wp-json\/wp\/v2\/pages\/716\/revisions\/4308"}],"wp:featuredmedia":[{"embeddable":true,"href":"https:\/\/gdparis.com\/fr\/wp-json\/wp\/v2\/media\/212"}],"wp:attachment":[{"href":"https:\/\/gdparis.com\/fr\/wp-json\/wp\/v2\/media?parent=716"}],"curies":[{"name":"wp","href":"https:\/\/api.w.org\/{rel}","templated":true}]}}