{"id":711,"date":"2015-10-26T21:12:05","date_gmt":"2015-10-26T21:12:05","guid":{"rendered":"https:\/\/gdparis.com\/fr\/?page_id=711"},"modified":"2018-09-20T14:37:15","modified_gmt":"2018-09-20T12:37:15","slug":"services","status":"publish","type":"page","link":"https:\/\/gdparis.com\/fr\/services\/","title":{"rendered":"Services"},"content":{"rendered":"<p>Notre service de diamant Naked est en toute transparence, une exp\u00e9rience unique en 3 \u00e9tapes. Vous cr\u00e9ez votre bague parfaite sur mesure o\u00f9 cr\u00e9ation unique.<\/p>\n<p>Les experts joaillers chez GD vous guideront dans le choix de votre diamant certifi\u00e9 par HRD Antwerp, ensuite vous choisirez une monture parmi une vaste palette de styles et de designs en or 18 carats ou cr\u00e9ez une d\u2019apr\u00e8s votre projet personnel, celle qui correspondra \u00e0 votre personnalit\u00e9.<\/p>\n<p>Vous serez invit\u00e9s \u00e0 observer la cr\u00e9ation de votre bijou dans les mains de nos artisans joaillers au c\u0153ur de Paris. Votre bague unique est sertie en deux heures. Notre service procure tout ce dont vous avez besoin, sans frais inutiles. Uniquement de sublimes diamants Naked et une exp\u00e9rience inoubliable.<\/p>\n<p>En plein c\u0153ur de Paris ouvre ses porte notre store \u2013 c\u2019est ici que vous venez pour choisir votre diamant \u00e9blouissant. Grav\u00e9 au laser et prot\u00e9g\u00e9 par son \u00e9crin de s\u00e9curit\u00e9 HRD Antwerp, chaque diamant de GD conservera pour toujours son identit\u00e9 officielle.<\/p>\n","protected":false},"excerpt":{"rendered":"<p>Notre service de diamant Naked est en toute transparence, une exp\u00e9rience unique en 3 \u00e9tapes. Vous cr\u00e9ez votre bague parfaite sur mesure o\u00f9 cr\u00e9ation unique. Les experts joaillers chez GD vous guideront dans le choix de votre diamant certifi\u00e9 par HRD Antwerp, ensuite vous choisirez une monture parmi une vaste palette de styles et de&#8230;  <a class=\"excerpt-read-more\" href=\"https:\/\/gdparis.com\/fr\/services\/\" title=\"Read Services\">Read more &raquo;<\/a><\/p>\n","protected":false},"author":14,"featured_media":0,"parent":0,"menu_order":0,"comment_status":"closed","ping_status":"closed","template":"templates\/services.php","meta":{"footnotes":""},"_links":{"self":[{"href":"https:\/\/gdparis.com\/fr\/wp-json\/wp\/v2\/pages\/711"}],"collection":[{"href":"https:\/\/gdparis.com\/fr\/wp-json\/wp\/v2\/pages"}],"about":[{"href":"https:\/\/gdparis.com\/fr\/wp-json\/wp\/v2\/types\/page"}],"author":[{"embeddable":true,"href":"https:\/\/gdparis.com\/fr\/wp-json\/wp\/v2\/users\/14"}],"replies":[{"embeddable":true,"href":"https:\/\/gdparis.com\/fr\/wp-json\/wp\/v2\/comments?post=711"}],"version-history":[{"count":1,"href":"https:\/\/gdparis.com\/fr\/wp-json\/wp\/v2\/pages\/711\/revisions"}],"predecessor-version":[{"id":4312,"href":"https:\/\/gdparis.com\/fr\/wp-json\/wp\/v2\/pages\/711\/revisions\/4312"}],"wp:attachment":[{"href":"https:\/\/gdparis.com\/fr\/wp-json\/wp\/v2\/media?parent=711"}],"curies":[{"name":"wp","href":"https:\/\/api.w.org\/{rel}","templated":true}]}}