{"id":1383,"date":"2016-06-02T10:28:26","date_gmt":"2016-06-02T08:28:26","guid":{"rendered":"https:\/\/gdparis.com\/fr\/?page_id=1383"},"modified":"2018-09-20T14:37:15","modified_gmt":"2018-09-20T12:37:15","slug":"everything-need-know-diamonds","status":"publish","type":"page","link":"https:\/\/gdparis.com\/fr\/everything-need-know-diamonds\/","title":{"rendered":"Tout ce que vous devez savoir sur le diamant"},"content":{"rendered":"<div class=\"inner-page-sctn everything\">\n<div class=\"coll-12 \">\n<div class=\"coll-6 left-block text-closer\"><img loading=\"lazy\" decoding=\"async\" class=\"alignleft wp-image-281\" src=\"https:\/\/gdparis.com\/wp-content\/uploads\/2015\/12\/How-diamonds-are-formed-Photo-by-Rudolph-Botha-300x225.jpg\" alt=\"How-diamonds-are-formed---Photo-by-Rudolph-Botha\" width=\"459\" height=\"345\" srcset=\"https:\/\/gdparis.com\/wp-content\/uploads\/2015\/12\/How-diamonds-are-formed-Photo-by-Rudolph-Botha-300x225.jpg 300w, https:\/\/gdparis.com\/wp-content\/uploads\/2015\/12\/How-diamonds-are-formed-Photo-by-Rudolph-Botha-768x577.jpg 768w, https:\/\/gdparis.com\/wp-content\/uploads\/2015\/12\/How-diamonds-are-formed-Photo-by-Rudolph-Botha-1024x769.jpg 1024w, https:\/\/gdparis.com\/wp-content\/uploads\/2015\/12\/How-diamonds-are-formed-Photo-by-Rudolph-Botha-700x526.jpg 700w\" sizes=\"(max-width: 459px) 100vw, 459px\" \/><\/div>\n<div class=\"coll-6 right-block text-closer\">\n<h1>Origine et formation du diamant<\/h1>\n<p>Le diamant se forme dans le manteau terrestre \u00e0 des pressions de 4,6 \u00e0 6 gigapascals. Pour vous rendre compte, imaginez le poids de la Tour Eiffel concentr\u00e9 au bout de votre doigt. Le diamant se forme gr\u00e2ce \u00e0 des temp\u00e9ratures extr\u00eamement \u00e9lev\u00e9es : 900 \u00e0 1300\u00b0C. Le hasard fait que ces roches transform\u00e9es au gr\u00e9 des \u00e9ruptions volcaniques ont fini par se rapprocher de la surface, emprisonn\u00e9es dans de la kimberlite, une roche volcanique. Sans cela, le diamant se consume dans le magma et ne peut achever son voyage.Un diamant se pare de couleur lorsqu\u2019au cours de sa formation, il entre en contact avec d'autres substances (bore = bleu, azote = jaune, rayonnement radioactif = vert). 1,8 % des diamants poss\u00e8dent une couleur vive. On les appelle \"Fancy Colors\". Les diamants rouges, quant \u00e0 eux, sont extr\u00eamement rares et se vendent jusqu'\u00e0 100 fois la valeur de leur \u00e9quivalent incolore.<br \/>\n&nbsp;<br \/>\nDans une mine de diamants, il faut parfois extraire jusqu'\u00e0 100 tonnes (100 000 kg) de roche pour trouver 1 carat \u2013 soit 0,2 gramme \u2013 de diamant. Les mines de diamants sont presque toujours d'anciens crat\u00e8res volcaniques. L'un de ces crat\u00e8res, le \"Big Hole\", en Afrique du Sud, est le puits le plus profond au monde que l\u2019homme a creus\u00e9. On peut \u00e9galement trouver des diamants dans les rivi\u00e8res, sur les plages ou au fond des mers.<\/p><\/div>\n<\/div>\n<div class=\"coll-12 sctn-two \">\n<h2>Antwerp World Diamond Centre<\/h2>\n<p>Antwerp World Diamond Centre (AWDC) est une fondation priv\u00e9e qui repr\u00e9sente les int\u00e9r\u00eats collectifs du secteur diamantaire Belge. Elle a pour mission d\u2019accro\u00eetre la supr\u00e9matie d\u2019Anvers comme centre diamantaire mondial et de renforcer l\u2019image de marque du secteur aupr\u00e8s du grand public. Cette mission est remplie par le Diamond Office, o\u00f9 transitent tous les diamants d\u2019Anvers. AWDC propose en outre tout un \u00e9ventail de services pour le secteur : de campagnes de marketing en conf\u00e9rences, en passant par des bourses et missions \u00e9conomiques.Les pierres brutes arrivent par l\u2019a\u00e9roport de Zaventem (Bruxelles). Elles sont ensuite achemin\u00e9es vers Anvers gr\u00e2ce \u00e0 des entreprises sp\u00e9cialis\u00e9es. Comme ces chargements sont de grande valeur, les convois sont toujours encadr\u00e9s par la police. Chaque diamant poss\u00e8de une assurance lorsqu\u2019il voyage entre ses porteurs. Citons un grand convoyeur diamantaire : Malca Amit est une entreprise de transport de diamants et de bijoux.<br \/>\n&nbsp;<br \/>\nUne visite dans le quartier des diamantaires ne manquera pas de vous surprendre en raison du grand nombre de cam\u00e9ras de surveillance. La s\u00e9curit\u00e9 occupe une grande place dans toute la zone du \"Diamond Square Mile\". On y trouve d\u2019ailleurs un bureau de police ouvert \u00e0 toute heure du jour et de la nuit, sans interruption. Depuis l\u2019attentat \u00e0 la bombe de 1981, des bornes escamotables, poubelles anti-bombes et cam\u00e9ras de surveillance ont \u00e9t\u00e9 install\u00e9es. Tous les immeubles de bureaux des alentours fourmillent d\u2019une intense activit\u00e9. Ce sont des places boursi\u00e8res ou des plateformes commerciales qui travaillent pour le commerce diamantaire. L\u2019acc\u00e8s aux b\u00e2timents est tr\u00e8s contr\u00f4l\u00e9 : chaque visiteur doit s\u2019identifier et se soumettre aux d\u00e9tecteurs de m\u00e9taux.\n<\/p><\/div>\n<div class=\"coll-12 \">\n<div class=\"coll-6 right-block pull-right text-closer\"><img loading=\"lazy\" decoding=\"async\" class=\"alignright wp-image-290 size-journal-summary-square\" src=\"https:\/\/gdparis.com\/wp-content\/uploads\/2015\/10\/Kimberley-Process-certificate-2-430x325.jpg\" alt=\"Kimberley-Process-certificate-2\" width=\"430\" height=\"325\" \/><\/div>\n<div class=\"coll-6 left-block text-margn text-closer\">\n<h2>Les diamants de conflits<\/h2>\n<p>Les diamants de conflits \u2013 ou diamants de sang \u2013 sont des pierres commercialis\u00e9es de mani\u00e8re ill\u00e9gale pour financer les organisations rebelles ou les guerres civiles. Pour mettre un frein \u00e0 ce commerce, l\u2019Assembl\u00e9e G\u00e9n\u00e9rale des Nations Unies a adopt\u00e9 en 2003 une r\u00e9solution mettant en place un m\u00e9canisme international d\u2019autor\u00e9gulation. Chaque pays producteur de diamants est tenu de fournir, pour chaque pierre brute, un certificat d\u2019origine avec un num\u00e9ro de s\u00e9rie unique permettant de tracer le diamant au plus pr\u00e8s. Pour chaque destinataire, une partie du certificat est renvoy\u00e9e au pays d'envoi et un nouveau certificat est r\u00e9dig\u00e9. Les diamants bruts qui ne sont pas accompagn\u00e9s d\u2019un certificat de Kimberley sont saisis par le Diamond Office lors des contr\u00f4les en vigueur. Plus de 50 % des certificats de Kimberley sont \u00e9mis \u00e0 Anvers. Ainsi, en une p\u00e9riode de 10 ans la part de diamants de conflits est pass\u00e9e de 15% \u00e0 0,2%.<\/p>\n<\/div>\n<\/div>\n<div class=\"coll-12 sctn-two \">\n<h2>Le commerce du diamant \u00e0 Anvers<\/h2>\n<p>Pour obtenir l\u2019autorisation de vendre et acheter des diamants \u00e0 Anvers, chaque commer\u00e7ant doit \u00eatre inscrit au registre des diamantaires. Seuls les membres des 4 bourses peuvent commercialiser eux-m\u00eames des diamants en salles des ventes. L'adh\u00e9sion est r\u00e9serv\u00e9e aux commer\u00e7ants coopt\u00e9s, nomm\u00e9s par les membres. Ils s\u2019engagent \u00e0 observer scrupuleusement les r\u00e8gles boursi\u00e8res. C\u2019est le r\u00e8glement du DiamantClub, la plus vieille bourse diamantaire, qui a servi de mod\u00e8le pour \u00e9laborer le r\u00e8glement commun. Il est \u00e0 noter que 4 des 30 bourses diamantaires du monde se trouvent \u00e0 Anvers. C\u2019est la seule ville au monde \u00e0 en poss\u00e9der autant. La Vrije Diamanthandel et la Bourse du Diamant d'Anvers sont sp\u00e9cialis\u00e9es dans le n\u00e9goce des diamants taill\u00e9s et la Antwerpsche Diamantkring dans celui des diamants bruts et industriels.Les b\u00e2timents de l'Antwerp World Diamond Centre abritent un \"Tender Facility\". Ce sont des locaux o\u00f9 de petites soci\u00e9t\u00e9s mini\u00e8res peuvent mettre leurs diamants aux ench\u00e8res. Les ench\u00e8res sont faites sous enveloppe scell\u00e9e et la pierre est vendue au plus offrant.<br \/>\n&nbsp;<br \/>\nPour pouvoir acheter des diamants bruts ou taill\u00e9s en grande quantit\u00e9, les diamantaires et entreprises sp\u00e9cialis\u00e9es ont besoin d\u2019argent. Ils doivent obtenir rapidement des cr\u00e9dits cons\u00e9quents et s\u2019adressent \u00e0 des banques sp\u00e9cialis\u00e9es comme ABN-AMRO, ICICI, State Bank of India et Union Bank of India. Ces \"banques du diamant\" jouent \u00e9galement un r\u00f4le important dans la l\u00e9gislation contre le blanchiment. Il est possible d\u2019utiliser de l\u2019argent liquide, pour le commerce de diamants, pour un montant de 3000 euros maximum, repr\u00e9sentant 10% du montant total. Tout autre \u00e9change commercial doit \u00eatre r\u00e9alis\u00e9 par transaction bancaire afin d\u2019\u00eatre contr\u00f4l\u00e9.<\/p>\n<\/div>\n<div class=\"coll-12 sctn-two text-closer \">\n<div style=\"width: 1280px;\" class=\"wp-video\"><!--[if lt IE 9]><script>document.createElement('video');<\/script><![endif]-->\n<video class=\"wp-video-shortcode\" id=\"video-1383-1\" width=\"1280\" height=\"720\" autoplay=\"1\" preload=\"metadata\" controls=\"controls\"><source type=\"video\/mp4\" src=\"https:\/\/gdparis.com\/wp-content\/uploads\/2016\/06\/antwerp_diamonds_french.mp4?_=1\" \/><a href=\"https:\/\/gdparis.com\/wp-content\/uploads\/2016\/06\/antwerp_diamonds_french.mp4\">https:\/\/gdparis.com\/wp-content\/uploads\/2016\/06\/antwerp_diamonds_french.mp4<\/a><\/video><\/div>\n<\/div>\n<div class=\"coll-12 sctn-two \">\n<h2>L\u2019art de tailler un diamant<\/h2>\n<p>L\u2019arriv\u00e9e du laser repr\u00e9sente un immense progr\u00e8s dans l'industrie diamantaire. Plus aucun tailleur de diamant n\u2019utilise de scie pour tailler \u00e0 la main. Les appareils modernes scannent, scient et taillent finement chaque diamant. Comme tout ne peut \u00eatre effectu\u00e9 par l\u2019interm\u00e9diaire des machines, les tailleurs de diamants doivent op\u00e9rer \u00e0 la main et mettre tout leur art en \u0153uvre, ainsi que leur savoir-faire. Les machines, quant \u00e0 elles, identifient les fausses pierres en un instant et permettent un d\u00e9grossissage tr\u00e8s pratique. Ces op\u00e9rations all\u00e8gent la t\u00e2che de l\u2019artisan; il peut ainsi travailler de mani\u00e8re plus fine. Ces nouvelles techniques ont \u00e9t\u00e9 d\u00e9velopp\u00e9es au \"Wetenschappelijk en Technisch Onderzoeks Centrum voor Diamant\" (Centre de recherche scientifique et technique du diamant) \u00e0 Lier, Anvers. Anvers est leader non seulement sur le march\u00e9 du diamant, mais aussi dans l'innovation technologique diamantaire.Chaque diamant est examin\u00e9 avant d\u2019\u00eatre taill\u00e9. Les parties exc\u00e9dentaires de la pierre sont \u00e9limin\u00e9es \u00e0 l\u2019aide d\u2019un laser ou d\u2019une scie \u00e0 diamant. Le diamant peut \u00e9galement \u00eatre partag\u00e9 en plusieurs pierres de plus petite taille. La taille ne commence qu\u2019apr\u00e8s ces pr\u00e9liminaires. Le temps n\u00e9cessaire d\u00e9pend de la forme, de la dimension et de la structure de la pierre. Un petit diamant peut \u00eatre taill\u00e9 en quelques heures seulement tandis qu\u2019une pierre brute de plus grande dimension, ou plus complexe, n\u00e9cessite souvent plusieurs semaines \u00e0 plusieurs mois de travail. Ces tailles complexes sont la sp\u00e9cialit\u00e9 d'Anvers. De nombreux tailleurs anversois d\u00e9veloppent leurs propres coupes mais pour des raisons de s\u00e9curit\u00e9, de nombreux ateliers de diamants ne peuvent pas \u00eatre visit\u00e9s.<\/p><\/div>\n<div class=\"coll-12 \">\n<div class=\"coll-6 right-block pull-right text-closer\"><img loading=\"lazy\" decoding=\"async\" class=\"alignright wp-image-980 size-journal-summary-wide\" src=\"https:\/\/gdparis.com\/wp-content\/uploads\/2016\/05\/Rough-diamonds--430x340.jpg\" alt=\"Rough diamonds\" width=\"430\" height=\"340\" \/><\/div>\n<div class=\"space-bar\">\n\n<\/div>\n<div class=\"coll-6 left-block\">\nPendant la taille, le diamant peut se briser sous l\u2019effet de la chaleur, de la friction, de la pression... Chaque tailleur a ses propres astuces pour refroidir les pierres. Certains utilisent m\u00eame des gouttes nasales. Si un probl\u00e8me survient au moment de la taille, le responsable n\u2019est pas le tailleur mais le propri\u00e9taire.Un tailleur est tenu au secret professionnel: il ne d\u00e9voilera jamais l\u2019identit\u00e9 de ses clients. Il s\u2019agit d\u2019une information ultra confidentielle. C\u2019est l'une des raisons pour lesquelles les grandes maisons de joaillerie, tels que Tiffany, Chopard, Boucheron ou Cartier s\u2019adressent aux tailleurs anversois pour des diamants de dimensions importantes comme pour des ouvrages complexes.<\/div>\n<\/div>\n<div class=\"coll-12 \">\n<div class=\"coll-6 left-block text-closer\"><img loading=\"lazy\" decoding=\"async\" class=\"alignleft size-journal-summary-wide wp-image-292\" src=\"https:\/\/gdparis.com\/wp-content\/uploads\/2015\/10\/The-Art-of-Diamond-Cutting-no-copyright-The-graduategemologist.com_-430x340.jpg\" alt=\"The-Art-of-Diamond-Cutting---no-copyright-The-graduategemologist.com\" width=\"430\" height=\"340\" \/><\/div>\n<div class=\"space-bar\">\n\n\n\n<\/div>\n<div class=\"coll-6 right-block\">\n90 % des diamants incolores sont coup\u00e9s en \"taille brillant\", c\u2019est-\u00e0-dire \u00e0 57 facettes. Outre la taille brillant, les formes de taille les plus courantes sont la marquise, le c\u0153ur, la baguette et la poire.Comme le diamant attire la graisse et repousse l\u2019eau, il est impossible de nettoyer un diamant \u00e0 l\u2019eau. Il faut chauffer les pierres dans un bain d\u2019acide sulfurique pour les d\u00e9barrasser de tout r\u00e9sidu graisseux. C\u2019est cette op\u00e9ration qui r\u00e9v\u00e8le le feu du diamant et qui donne toute sa vie \u00e0 la pierre<\/div>\n<\/div>\n<div class=\"coll-12 sctn-two \">\n<h2>Le Savoir-Faire du joailliern<\/h2>\n<p>Pendant des si\u00e8cles, les bijoux ont \u00e9t\u00e9 con\u00e7us selon le m\u00eame proc\u00e9d\u00e9. Le bijou \u00e9tait dessin\u00e9 \u00e0 la main, puis le mod\u00e8le \u00e9tait r\u00e9alis\u00e9 en cire. Lorsque ce mod\u00e8le \u00e9tait approuv\u00e9, le bijou \u00e9tait moul\u00e9 dans le mat\u00e9riau final. Aujourd'hui, tout commence g\u00e9n\u00e9ralement par un dessin num\u00e9rique. Un mod\u00e8le 3D du bijou est ensuite r\u00e9alis\u00e9 et imprim\u00e9, le bijou est ensuite coul\u00e9.<\/p>\n<\/div>\n<img loading=\"lazy\" decoding=\"async\" class=\"aligncenter wp-image-1208 size-full\" src=\"https:\/\/gdparis.com\/wp-content\/uploads\/2016\/05\/The-Craft-of-Jewelry-Design-no-copy-right-Castable-1.jpg\" alt=\"The Craft of Jewelry Design - no copy right Castable\" width=\"1829\" height=\"804\" srcset=\"https:\/\/gdparis.com\/wp-content\/uploads\/2016\/05\/The-Craft-of-Jewelry-Design-no-copy-right-Castable-1.jpg 1829w, https:\/\/gdparis.com\/wp-content\/uploads\/2016\/05\/The-Craft-of-Jewelry-Design-no-copy-right-Castable-1-300x132.jpg 300w, https:\/\/gdparis.com\/wp-content\/uploads\/2016\/05\/The-Craft-of-Jewelry-Design-no-copy-right-Castable-1-768x338.jpg 768w, https:\/\/gdparis.com\/wp-content\/uploads\/2016\/05\/The-Craft-of-Jewelry-Design-no-copy-right-Castable-1-1024x450.jpg 1024w, https:\/\/gdparis.com\/wp-content\/uploads\/2016\/05\/The-Craft-of-Jewelry-Design-no-copy-right-Castable-1-700x308.jpg 700w\" sizes=\"(max-width: 1829px) 100vw, 1829px\" \/>\n<\/div>\n","protected":false},"excerpt":{"rendered":"<p>Origine et formation du diamant Le diamant se forme dans le manteau terrestre \u00e0 des pressions de 4,6 \u00e0 6 gigapascals. Pour vous rendre compte, imaginez le poids de la Tour Eiffel concentr\u00e9 au bout de votre doigt. Le diamant se forme gr\u00e2ce \u00e0 des temp\u00e9ratures extr\u00eamement \u00e9lev\u00e9es : 900 \u00e0 1300\u00b0C. Le hasard fait&#8230;  <a class=\"excerpt-read-more\" href=\"https:\/\/gdparis.com\/fr\/everything-need-know-diamonds\/\" title=\"Read Tout ce que vous devez savoir sur le diamant\">Read more &raquo;<\/a><\/p>\n","protected":false},"author":3,"featured_media":5757,"parent":0,"menu_order":0,"comment_status":"closed","ping_status":"closed","template":"","meta":{"footnotes":""},"_links":{"self":[{"href":"https:\/\/gdparis.com\/fr\/wp-json\/wp\/v2\/pages\/1383"}],"collection":[{"href":"https:\/\/gdparis.com\/fr\/wp-json\/wp\/v2\/pages"}],"about":[{"href":"https:\/\/gdparis.com\/fr\/wp-json\/wp\/v2\/types\/page"}],"author":[{"embeddable":true,"href":"https:\/\/gdparis.com\/fr\/wp-json\/wp\/v2\/users\/3"}],"replies":[{"embeddable":true,"href":"https:\/\/gdparis.com\/fr\/wp-json\/wp\/v2\/comments?post=1383"}],"version-history":[{"count":1,"href":"https:\/\/gdparis.com\/fr\/wp-json\/wp\/v2\/pages\/1383\/revisions"}],"predecessor-version":[{"id":4313,"href":"https:\/\/gdparis.com\/fr\/wp-json\/wp\/v2\/pages\/1383\/revisions\/4313"}],"wp:featuredmedia":[{"embeddable":true,"href":"https:\/\/gdparis.com\/fr\/wp-json\/wp\/v2\/media\/5757"}],"wp:attachment":[{"href":"https:\/\/gdparis.com\/fr\/wp-json\/wp\/v2\/media?parent=1383"}],"curies":[{"name":"wp","href":"https:\/\/api.w.org\/{rel}","templated":true}]}}