{"id":1379,"date":"2016-06-02T10:14:02","date_gmt":"2016-06-02T08:14:02","guid":{"rendered":"https:\/\/gdparis.com\/fr\/?page_id=1379"},"modified":"2018-09-20T14:37:15","modified_gmt":"2018-09-20T12:37:15","slug":"diamond-certification","status":"publish","type":"page","link":"https:\/\/gdparis.com\/fr\/diamond-certification\/","title":{"rendered":"La certification et la garantie de qualit\u00e9 du diamant"},"content":{"rendered":"<div class=\"inner-page-sctn everything\">\n<div class=\"coll-12 sctn-two\"><img loading=\"lazy\" decoding=\"async\" class=\"aligncenter size-full wp-image-1232 text-closer\" src=\"https:\/\/gdparis.com\/wp-content\/uploads\/2016\/07\/GD_16.jpg\" alt=\"GD_16\" width=\"1286\" height=\"966\" \/><\/p>\n<div class=\"space-bar1\">\n&nbsp;\n<\/div>\n<p>Le certificat d\u2019un laboratoire gemmologique est la garantie la plus s\u00fbre de la qualit\u00e9 du diamant. Le certificat est une v\u00e9ritable carte d\u2019identit\u00e9 du diamant. Les \u201cDiamond Graders\u201d \u00e9valuent la qualit\u00e9 de la pierre et lui attribuent une valeur selon une classification impartiale et prudente r\u00e9alis\u00e9e au moyen d\u2019\u00e9quipements et logiciels d\u00e9velopp\u00e9s \u00e0 Anvers.<\/p>\n<\/div>\n<div class=\"coll-12\">\n<div class=\"coll-6 right-block pull-right text-closer\"><img loading=\"lazy\" decoding=\"async\" class=\"alignright size-journal-summary-square wp-image-307\" src=\"https:\/\/gdparis.com\/wp-content\/uploads\/2015\/10\/Laser-engraving-430x435.jpg\" alt=\"Laser engraving\" width=\"430\" height=\"435\" \/><\/div>\n<div class=\"coll-6 left-block\">Les laboratoires gemmologiques sont des organismes totalement ind\u00e9pendants du commerce du diamant qui s\u2019occupent de la certification des diamants. Ils dispensent \u00e9galement des formations professionnelles et dirigent des recherches dans le domaine de la gemmologie. Il existe un grand nombre de laboratoires. Pourtant, le choix est tr\u00e8s limit\u00e9 car les professionnels du diamant n\u2019accordent leur confiance qu\u2019aux 2 plus grands : le HRD Antwerp (Belgique) et le GIA (Etats-Unis).Le HRD Antwerp, l\u2019Institut de Gemmologie d\u2019Anvers est tr\u00e8s r\u00e9put\u00e9 pour ses cours relatifs au diamant brut et pour ses recherches approfondies. Les Galeries du Diamant ont choisi le HRD Antwerp d\u2019Anvers comme partenaire privil\u00e9gi\u00e9 de certification.<br \/>\n&nbsp;<br \/>\nFond\u00e9 en 1976, \u00e0 l\u2019initiative de l\u2019Etat Belge, par Antwerp World Diamond Centre (le Centre Mondial du Diamant d\u2019Anvers), le HRD Antwerp est un laboratoire mondialement r\u00e9put\u00e9. Il garantit la fiabilit\u00e9 de la qualit\u00e9 de la pierre.<br \/>\n&nbsp;<br \/>\nLes Galeries du Diamant ont mis en place un processus unique de protection et de tra\u00e7abilit\u00e9 de votre diamant. Chaque diamant vendu par les Galeries du Diamant porte son num\u00e9ro de certificat HRD Antwerp grav\u00e9 au laser. Cette gravure microscopique, totalement invisible \u00e0 l\u2019\u0153il nu, permet de contr\u00f4ler l\u2019authenticit\u00e9 et l\u2019identit\u00e9 du diamant \u00e0 tout moment, aussi bien au moment de l\u2019achat qu\u2019\u00e0 la sortie de l\u2019atelier pour un nettoyage, voire pour votre compagnie d\u2019assurance. Ce num\u00e9ro unique de certificat vous permet de retrouver votre diamant en ligne sur le site web de HRD Antwerp et l\u2019identifier instantan\u00e9ment.<\/p>\n<\/div>\n<\/div>\n<div class=\"coll-12 sctn-two\">Le r\u00f4le de HRD Antwerp est de prot\u00e9ger le consommateur comme l'industrie du diamant. Lorsque vous choisissez un diamant certifi\u00e9 HRD Antwerp, vous avez l\u2019assurance que les caract\u00e9ristiques d\u00e9crites dans le certificat ont \u00e9t\u00e9 soigneusement v\u00e9rifi\u00e9es et approuv\u00e9es par un expert gemmologue. Le certificat de HRD Antwerp d\u2019Anvers est le sceau d\u2019une qualit\u00e9 et d\u2019une authenticit\u00e9 Europ\u00e9ennes, qui permettent au client d\u2019acheter un diamant en toute confiance.<br \/>\n&nbsp;<br \/>\nSoyez vigilants : le certificat doit \u00e9galement pr\u00e9ciser si le diamant est un diamant naturel, un diamant synth\u00e9tique, cr\u00e9\u00e9 en laboratoire, ou un diamant trait\u00e9. V\u00e9rifiez bien votre certificat avant de finaliser votre achat, car si le prix du diamant vous semble trop beau pour \u00eatre vrai \u2013 c\u2019est que, probablement, il ne l\u2019est pas.<\/p>\n<div class=\"space-bar1\">\n&nbsp;\n<\/div>\n<img loading=\"lazy\" decoding=\"async\" class=\"aligncenter wp-image-309\" src=\"https:\/\/gdparis.com\/wp-content\/uploads\/2016\/07\/Sorting-HRD-Antwerp-certified-diamonds.jpg\" alt=\"Sorting-HRD-Antwerp-certified-diamonds\" width=\"1280\" height=\"905\" \/>\n<\/div>\n<\/div>\n","protected":false},"excerpt":{"rendered":"<p>&nbsp; Le certificat d\u2019un laboratoire gemmologique est la garantie la plus s\u00fbre de la qualit\u00e9 du diamant. Le certificat est une v\u00e9ritable carte d\u2019identit\u00e9 du diamant. Les \u201cDiamond Graders\u201d \u00e9valuent la qualit\u00e9 de la pierre et lui attribuent une valeur selon une classification impartiale et prudente r\u00e9alis\u00e9e au moyen d\u2019\u00e9quipements et logiciels d\u00e9velopp\u00e9s \u00e0 Anvers&#8230;.  <a class=\"excerpt-read-more\" href=\"https:\/\/gdparis.com\/fr\/diamond-certification\/\" title=\"Read La certification et la garantie de qualit\u00e9 du diamant\">Read more &raquo;<\/a><\/p>\n","protected":false},"author":3,"featured_media":5501,"parent":0,"menu_order":0,"comment_status":"closed","ping_status":"closed","template":"","meta":{"footnotes":""},"_links":{"self":[{"href":"https:\/\/gdparis.com\/fr\/wp-json\/wp\/v2\/pages\/1379"}],"collection":[{"href":"https:\/\/gdparis.com\/fr\/wp-json\/wp\/v2\/pages"}],"about":[{"href":"https:\/\/gdparis.com\/fr\/wp-json\/wp\/v2\/types\/page"}],"author":[{"embeddable":true,"href":"https:\/\/gdparis.com\/fr\/wp-json\/wp\/v2\/users\/3"}],"replies":[{"embeddable":true,"href":"https:\/\/gdparis.com\/fr\/wp-json\/wp\/v2\/comments?post=1379"}],"version-history":[{"count":1,"href":"https:\/\/gdparis.com\/fr\/wp-json\/wp\/v2\/pages\/1379\/revisions"}],"predecessor-version":[{"id":4301,"href":"https:\/\/gdparis.com\/fr\/wp-json\/wp\/v2\/pages\/1379\/revisions\/4301"}],"wp:featuredmedia":[{"embeddable":true,"href":"https:\/\/gdparis.com\/fr\/wp-json\/wp\/v2\/media\/5501"}],"wp:attachment":[{"href":"https:\/\/gdparis.com\/fr\/wp-json\/wp\/v2\/media?parent=1379"}],"curies":[{"name":"wp","href":"https:\/\/api.w.org\/{rel}","templated":true}]}}