{"id":1371,"date":"2016-05-31T19:27:34","date_gmt":"2016-05-31T17:27:34","guid":{"rendered":"https:\/\/gdparis.com\/fr\/?page_id=1371"},"modified":"2018-09-20T14:37:14","modified_gmt":"2018-09-20T12:37:14","slug":"choisir-un-diamant-dexception-la-regle-des-4-c","status":"publish","type":"page","link":"https:\/\/gdparis.com\/fr\/choisir-un-diamant-dexception-la-regle-des-4-c\/","title":{"rendered":"Choisir un diamand d\u2019exception &#8211; La r\u00e8gle des 4 C"},"content":{"rendered":"<div class=\"inner-page inner-page-sctn choosing-diamond\">\n<img loading=\"lazy\" decoding=\"async\" class=\"aligncenter size-full wp-image-1205\" src=\"https:\/\/gdparis.com\/wp-content\/uploads\/2016\/07\/choosingGD_09-1.jpg\" alt=\"choosingGD_09\" width=\"1286\" height=\"966\" \/><\/p>\n\n<p>Des millions d\u2019ann\u00e9es, ont \u00e9t\u00e9 n\u00e9cessaires \u00e0 la formation du diamant. Couche apr\u00e8s couche, pression apr\u00e8s forte temp\u00e9rature, le diamant est remont\u00e9 \u00e0 la surface. Chaque pierre est unique, dans sa forme, sa couleur, sa taille et sa puret\u00e9. Ce sont l\u00e0 les 4 crit\u00e8res du diamant.<\/p>\n\n<h2>Le Caratage<\/h2>\n<p>Le poids d\u2019un diamant ne se mesure pas en grammes, mais en carats. Le terme \"carat\" vient du grec \"keration\", qui se r\u00e9f\u00e8re aux graines du noyau du caroubier. Dans l'Antiquit\u00e9, on utilisait ces graines s\u00e9ch\u00e9es pour \u00e9valuer le poids des diamants et pierres pr\u00e9cieuses.<\/p>\n<p>L\u00e0 n\u2019est pourtant pas la seule n\u00e9cessit\u00e9 du diamant. 2 diamants de carats \u00e9gaux peuvent \u00eatre totalement diff\u00e9rents en taille. Par exemple, on peut trouver un diamant de 0,8ct plus gros qu\u2019un autre diamant de 1ct. Il faut consid\u00e9rer non seulement le carat du diamant mais aussi sa taille qui doit \u00eatre harmonieuse et faire resplendir la pierre.<\/p>\n<div class=\"img-box text-space\">\n<img loading=\"lazy\" decoding=\"async\" class=\"aligncenter wp-image-996\" src=\"https:\/\/gdparis.com\/wp-content\/uploads\/2016\/05\/Diamond-Carat_weight-chart_Galeries-du-Diamant-1400x1152.jpg\" alt=\"Diamond-Carat_weight-chart_Galeries-du-Diamant\" width=\"1280\" height=\"421\" srcset=\"https:\/\/gdparis.com\/wp-content\/uploads\/2016\/05\/Diamond-Carat_weight-chart_Galeries-du-Diamant-300x99.jpg 300w, https:\/\/gdparis.com\/wp-content\/uploads\/2016\/05\/Diamond-Carat_weight-chart_Galeries-du-Diamant-768x252.jpg 768w, https:\/\/gdparis.com\/wp-content\/uploads\/2016\/05\/Diamond-Carat_weight-chart_Galeries-du-Diamant-1024x337.jpg 1024w, https:\/\/gdparis.com\/wp-content\/uploads\/2016\/05\/Diamond-Carat_weight-chart_Galeries-du-Diamant-700x230.jpg 700w\" sizes=\"(max-width: 1280px) 100vw, 1280px\" \/>\n<\/div>\n\n<div class=\"img-box\">\n<img loading=\"lazy\" decoding=\"async\" class=\"alignright wp-image-997\" src=\"https:\/\/gdparis.com\/wp-content\/uploads\/2016\/05\/Ideal-Diamond-Cut_chart_Galeries-du-Diamant-430x435.jpg\" alt=\"Ideal-Diamond-Cut_chart_Galeries-du-Diamant\" width=\"400\" height=\"450\" srcset=\"https:\/\/gdparis.com\/wp-content\/uploads\/2016\/05\/Ideal-Diamond-Cut_chart_Galeries-du-Diamant-267x300.jpg 267w, https:\/\/gdparis.com\/wp-content\/uploads\/2016\/05\/Ideal-Diamond-Cut_chart_Galeries-du-Diamant-768x863.jpg 768w, https:\/\/gdparis.com\/wp-content\/uploads\/2016\/05\/Ideal-Diamond-Cut_chart_Galeries-du-Diamant-911x1024.jpg 911w, https:\/\/gdparis.com\/wp-content\/uploads\/2016\/05\/Ideal-Diamond-Cut_chart_Galeries-du-Diamant-700x787.jpg 700w\" sizes=\"(max-width: 400px) 100vw, 400px\" \/>\n<\/div>\n<div class=\"space-bar\">\n&nbsp;<\/p>\n\n\n<p>&nbsp;\n<\/p><\/div>\n<h2>La Taille<\/h2>\n<p>La Taille est essentielle pour faire resplendir l'\u00e9clat naturel des diamants. Les facettes parfaitement lisses, polies avec pr\u00e9cision par les experts-tailleurs Anversois, r\u00e9v\u00e8lent la perfection du diamant.<\/p>\n<p>La qualit\u00e9 de la taille d\u00e9terminera la beaut\u00e9 du diamant. La taille est un ensemble de 3 crit\u00e8res: proportions, polissage et sym\u00e9trie. Les proportions d\u00e9terminent la brillance et le \"feu\" du diamant ; la sym\u00e9trie d\u00e9crit l\u2019ensemble des diff\u00e9rents param\u00e8tres d\u00e9finissant les proportions; le polissage d\u00e9crypte la finition des facettes. Chaque crit\u00e8re est \u00e9valu\u00e9 suivant 4 param\u00e8tres : Excellent, Tr\u00e8s Bon, Bon et Convenable. Si la taille du diamant est m\u00e9diocre, il ne refl\u00e9tera pas la lumi\u00e8re correctement.<\/p>\n<div class=\"space-bar\">\n&nbsp;<\/p>\n\n\n\n<p>&nbsp;\n<\/p><\/div>\n<p>La taille parfaite \u00e9quivaut \u00e0 un \u00e9clat, une brillance et un feu splendides. La Taille est diff\u00e9rente de la Forme du diamant. La forme est un choix tr\u00e8s personnel. Explorez les formes des diamants\u2026<\/p>\n<div class=\"space-bar\">\n\n<\/div>\n<div class=\"img-box\">\n<img loading=\"lazy\" decoding=\"async\" class=\"alignright wp-image-998\" src=\"https:\/\/gdparis.com\/wp-content\/uploads\/2016\/05\/Round-brilliant-Cut-Diamond-300x300.jpg\" alt=\"Round-brilliant-Cut-Diamond\" width=\"270\" height=\"270\" srcset=\"https:\/\/gdparis.com\/wp-content\/uploads\/2016\/05\/Round-brilliant-Cut-Diamond-300x300.jpg 300w, https:\/\/gdparis.com\/wp-content\/uploads\/2016\/05\/Round-brilliant-Cut-Diamond-150x150.jpg 150w, https:\/\/gdparis.com\/wp-content\/uploads\/2016\/05\/Round-brilliant-Cut-Diamond.jpg 600w\" sizes=\"(max-width: 270px) 100vw, 270px\" \/>\n<\/div>\n<div class=\"space-bar\">\n&nbsp;<\/p>\n<p>&nbsp;\n<\/p><\/div>\n<div class=\"prdct-box\">\n<p class=\"prdct-name\">\n<h3>La taille Brillant<\/h3>\n<\/p>\n<p>C\u2019est la beaut\u00e9 classique. Cr\u00e9\u00e9e en 1919 par Marcel Tolkowsky, cette taille cherchait \u00e0 maximiser la brillance et le feu \u00e0 travers une forme ronde innovante et r\u00e9volutionnaire de 57 facettes. 75% des diamants aujourd\u2019hui sont taill\u00e9s ainsi.<\/p>\n<p>Il a fallu des d\u00e9cennies de recherches, d\u2019innombrables et complexes calculs tenant compte des param\u00e8tres aussi diff\u00e9rents que la r\u00e9fraction de la lumi\u00e8re, sa dispersion et la duret\u00e9 de cette gemme pour obtenir une taille si pr\u00e9cise, capable de r\u00e9v\u00e9ler le feu optimal du diamant.\n<\/p><\/div>\n<div class=\"space-bar\">\n&nbsp;<\/p>\n\n<p>&nbsp;\n<\/p><\/div>\n<div class=\"img-box\">\n<img loading=\"lazy\" decoding=\"async\" class=\"alignright wp-image-999\" src=\"https:\/\/gdparis.com\/wp-content\/uploads\/2016\/05\/Princess-Cut-Diamond-300x300.jpg\" alt=\"Princess-Cut-Diamond\" width=\"270\" height=\"270\" srcset=\"https:\/\/gdparis.com\/wp-content\/uploads\/2016\/05\/Princess-Cut-Diamond-300x300.jpg 300w, https:\/\/gdparis.com\/wp-content\/uploads\/2016\/05\/Princess-Cut-Diamond-150x150.jpg 150w, https:\/\/gdparis.com\/wp-content\/uploads\/2016\/05\/Princess-Cut-Diamond.jpg 600w\" sizes=\"(max-width: 270px) 100vw, 270px\" \/>\n<\/div>\n<div class=\"space-bar\">\n&nbsp;<\/p>\n<p>&nbsp;\n<\/p><\/div>\n<div class=\"prdct-box\">\n<p class=\"prdct-name\">\n<h3>La taille Princesse<\/h3>\n<\/p>\n<p>Cette taille f\u00eet son apparition dans les ann\u00e9es 1960. Elle est vite devenue tr\u00e8s populaire pour son feu comparable \u00e0 celui de la taille brillant et ses lignes modernes.<\/p>\n<p>La taille Princesse retient approximativement 80% du diamant brut. Pour le diamant rond, il s\u2019agit de 50% du diamant brut environ. Par cons\u00e9quent vous pouvez avoir une pierre plus grande pour des prix accessibles. Mais attention, lorsque vous cr\u00e9ez une bague sur mesures pour votre diamant Princesse, pensez \u00e0 prot\u00e9ger les 4 coins fragiles de votre diamant.\n<\/p><\/div>\n<div class=\"space-bar\">\n&nbsp;<\/p>\n\n<p>&nbsp;\n<\/p><\/div>\n<div class=\"img-box\">\n<img loading=\"lazy\" decoding=\"async\" class=\"alignright size-medium wp-image-1000\" src=\"https:\/\/gdparis.com\/wp-content\/uploads\/2016\/05\/Emerald-Cut-300x300.jpg\" alt=\"Emerald-Cut\" width=\"300\" height=\"300\" srcset=\"https:\/\/gdparis.com\/wp-content\/uploads\/2016\/05\/Emerald-Cut-300x300.jpg 300w, https:\/\/gdparis.com\/wp-content\/uploads\/2016\/05\/Emerald-Cut-150x150.jpg 150w, https:\/\/gdparis.com\/wp-content\/uploads\/2016\/05\/Emerald-Cut.jpg 600w\" sizes=\"(max-width: 300px) 100vw, 300px\" \/>\n<\/div>\n<div class=\"space-bar\">\n&nbsp;<\/p>\n\n<p>&nbsp;\n<\/p><\/div>\n<div class=\"prdct-box text-space\">\n<p class=\"prdct-name\">\n<h3>La taille \u00c9meraude<\/h3>\n<\/p>\n<p>La taille \u00c9meraude est une taille glamour aux lignes allong\u00e9es et sophistiqu\u00e9es. C\u2019est un choix s\u00fbr, entre tradition et modernit\u00e9.<\/p>\n<p>Con\u00e7ue \u00e0 l\u2019origine pour les \u00e9meraudes, cette taille permet de cr\u00e9er de la profondeur \u00e0 l\u2019int\u00e9rieur de la pierre; elle ne fonctionne donc que sur des diamants tr\u00e8s purs.\n<\/p><\/div>\n<div class=\"space-bar\">\n&nbsp;<\/p>\n\n<p>&nbsp;\n<\/p><\/div>\n<div class=\"prdct-box text-space\">\n<p class=\"prdct-name\">\n<h3>La taille Asscher<\/h3>\n<\/p>\n<p>Egalement appel\u00e9e Taille \u00c9meraude Carr\u00e9e, la taille Asscher fut cr\u00e9\u00e9e en Hollande par les fr\u00e8res Asscher en 1902. Avec ses lignes ouvertes qui permettent de voir au c\u0153ur du diamant, cette taille, tr\u00e8s populaire dans les ann\u00e9es 1920, revient \u00e0 la mode avec l\u2019engouement pour le Vintage.<\/p>\n<p>Avec sa grande profondeur au c\u0153ur de la pierre, cette taille fait appel \u00e0 des diamants de grande qualit\u00e9.\n<\/p><\/div>\n<div class=\"space-bar\">\n&nbsp;<\/p>\n<p>&nbsp;\n<\/p><\/div>\n<div class=\"prdct-box\">\n<p class=\"prdct-name\">\n<h3>La taille Coussin<\/h3>\n<\/p>\n<p>Classique et romantique, la taille Coussin se situe entre l\u2019ancienne taille \"Old Mine\" et la taille Ovale. Sa taille ancienne est redevenue en vogue lors de ces derni\u00e8res ann\u00e9es.<\/p>\n<p>Si ses larges facettes ouvertes sont \u00e0 l\u2019origine de sa grande beaut\u00e9, cette taille n\u00e9cessite toutefois un diamant d\u2019une grande puret\u00e9, sous peine de voir toutes les imperfections de la pierre.\n<\/p><\/div>\n<div class=\"space-bar\">\n&nbsp;<\/p>\n<p>&nbsp;\n<\/p><\/div>\n<div class=\"img-box\">\n<img loading=\"lazy\" decoding=\"async\" class=\"alignright size-medium wp-image-1001\" src=\"https:\/\/gdparis.com\/wp-content\/uploads\/2016\/05\/Marquise-Cut-Diamond-300x300.jpg\" alt=\"Marquise-Cut-Diamond\" width=\"300\" height=\"300\" srcset=\"https:\/\/gdparis.com\/wp-content\/uploads\/2016\/05\/Marquise-Cut-Diamond-300x300.jpg 300w, https:\/\/gdparis.com\/wp-content\/uploads\/2016\/05\/Marquise-Cut-Diamond-150x150.jpg 150w, https:\/\/gdparis.com\/wp-content\/uploads\/2016\/05\/Marquise-Cut-Diamond.jpg 600w\" sizes=\"(max-width: 300px) 100vw, 300px\" \/>\n<\/div>\n<div class=\"space-bar\">\n&nbsp;<\/p>\n<p>&nbsp;\n<\/p><\/div>\n<div class=\"prdct-box\">\n<p class=\"prdct-name\">\n<h3>La taille Marquise<\/h3>\n<\/p>\n<p>Suivant la l\u00e9gende, cette taille fut cr\u00e9\u00e9e par Louis XIV pour sa ma\u00eetresse, Madame de Pompadour. La l\u00e9gende raconte que que le Roi Soleil voulait une taille \u00e9voquant la forme du sourire de sa bien-aim\u00e9e.<\/p>\n<p>C\u2019est en r\u00e9alit\u00e9 une taille Brillant modifi\u00e9e. Son feu et sa brillance grandioses sont convi\u00e9s par ses proportions pr\u00e9cises, sa sym\u00e9trie parfaite, par une finition et un polissage particuli\u00e8rement soign\u00e9s.\n<\/p><\/div>\n<div class=\"space-bar\">\n&nbsp;<\/p>\n\n\n\n<p>&nbsp;\n<\/p><\/div>\n<div class=\"img-box\">\n<img loading=\"lazy\" decoding=\"async\" class=\"alignright wp-image-1002 size-medium\" src=\"https:\/\/gdparis.com\/wp-content\/uploads\/2016\/05\/Oval-Cut-Diamond.jpg\" alt=\"Oval-Cut-Diamond\" width=\"300\" height=\"300\" srcset=\"https:\/\/gdparis.com\/wp-content\/uploads\/2016\/05\/Oval-Cut-Diamond.jpg 600w, https:\/\/gdparis.com\/wp-content\/uploads\/2016\/05\/Oval-Cut-Diamond-150x150.jpg 150w, https:\/\/gdparis.com\/wp-content\/uploads\/2016\/05\/Oval-Cut-Diamond-300x300.jpg 300w\" sizes=\"(max-width: 300px) 100vw, 300px\" \/>\n<\/div>\n<div class=\"space-bar\">\n&nbsp;<\/p>\n<p>&nbsp;\n<\/p><\/div>\n<div class=\"prdct-box\">\n<p class=\"prdct-name\">\n<h3>La taille Ovale<\/h3>\n<\/p>\n<p>Elle est l\u2019interpr\u00e9tation innovante et cr\u00e9ative de la taille Brillant. L\u2019Ovale dispose d\u2019un \u00e9clat particulier associ\u00e9 \u00e0 des lignes modernes.<\/p>\n<p>L\u2019Ovale, en tant que Brillant modifi\u00e9, b\u00e9n\u00e9ficie d\u2019un feu et d'une brillance dus \u00e0 la pr\u00e9cision et la perfection de sa taille.\n<\/p><\/div>\n<div class=\"space-bar\">\n&nbsp;<\/p>\n\n\n\n<p>&nbsp;<br \/>\n<\/dv><br \/>\n<\/dv>\n<\/div>\n<div class=\"img-box\">\n<img loading=\"lazy\" decoding=\"async\" class=\"alignright size-medium wp-image-388\" src=\"https:\/\/gdparis.com\/wp-content\/uploads\/2015\/10\/Pear-Cut-300x300.jpg\" alt=\"Pear-Cut\" width=\"300\" height=\"300\" srcset=\"https:\/\/gdparis.com\/wp-content\/uploads\/2015\/10\/Pear-Cut-300x300.jpg 300w, https:\/\/gdparis.com\/wp-content\/uploads\/2015\/10\/Pear-Cut-150x150.jpg 150w, https:\/\/gdparis.com\/wp-content\/uploads\/2015\/10\/Pear-Cut.jpg 600w\" sizes=\"(max-width: 300px) 100vw, 300px\" \/>\n<\/div>\n<div class=\"space-bar\">\n\n<p>&nbsp;\n<\/p><\/div>\n<div class=\"prdct-box\">\n<p class=\"prdct-name\">\n<h3>La taille Poire<\/h3>\n<\/p>\n<p>L'origine de la taille Poire remonte \u00e0 1475 avec la Scaif, la premi\u00e8re roue construite pour la taille et le polissage du diamant. Les premi\u00e8res poires taill\u00e9es sont une innovation incroyable pour l'\u00e9poque. La Scaif a permis d\u2019atteindre une sym\u00e9trie absolue dans le positionnement des facettes. Avec les nombreux progr\u00e8s ult\u00e9rieurs techniques du facettage, la poire est devenue la taille que nous connaissons aujourd'hui, une forme sophistiqu\u00e9e, aim\u00e9e pour sa polyvalence.<\/p>\n<p>L\u2019\u00e9clat de la Poire est r\u00e9sultat d'une taille extr\u00eamement pr\u00e9cise car le moindre d\u00e9faut peut cr\u00e9er une forte ombre sous table (l\u2019aplat du diamant) ou des bords in\u00e9gaux, voire relev\u00e9s.\n<\/p><\/div>\n<div class=\"space-bar\">\n&nbsp;<\/p>\n\n\n<p>&nbsp;\n<\/p><\/div>\n<div class=\"img-box\">\n<img loading=\"lazy\" decoding=\"async\" class=\"alignright wp-image-389\" src=\"https:\/\/gdparis.com\/wp-content\/uploads\/2015\/10\/Radiant-Cut-300x300.jpg\" alt=\"Radiant-Cut\" width=\"270\" height=\"270\" srcset=\"https:\/\/gdparis.com\/wp-content\/uploads\/2015\/10\/Radiant-Cut-300x300.jpg 300w, https:\/\/gdparis.com\/wp-content\/uploads\/2015\/10\/Radiant-Cut-150x150.jpg 150w, https:\/\/gdparis.com\/wp-content\/uploads\/2015\/10\/Radiant-Cut.jpg 600w\" sizes=\"(max-width: 270px) 100vw, 270px\" \/>\n<\/div>\n<div class=\"space-bar\">\n&nbsp;<\/p>\n<p>&nbsp;\n<\/p><\/div>\n<div class=\"prdct-box\">\n<p class=\"prdct-name\">\n<h3>La taille Radiant<\/h3>\n<\/p>\n<p>Introduite en 1977 par Henry Grossbard, la taille Radiant marie les tailles \u00c9meraude et Brillant avec ses 70 facettes et ses coins \u00e9l\u00e9gamment biseaut\u00e9s.<\/p>\n<p>Les diamants Radiant peuvent \u00eatre carr\u00e9s ou rectangulaires selon votre go\u00fbt, il n'y a aucune r\u00e8gle. Cependant une taille harmonieuse est n\u00e9cessaire. La taille Radiant n\u2019\u00e9tant pas commune, le prix au carat peut se r\u00e9v\u00e9ler tr\u00e8s avantageux.\n<\/p><\/div>\n<div class=\"space-bar\">\n&nbsp;<\/p>\n\n\n\n<p>&nbsp;\n<\/p><\/div>\n<div class=\"img-box\">\n<img loading=\"lazy\" decoding=\"async\" class=\"alignright size-medium wp-image-1004\" src=\"https:\/\/gdparis.com\/wp-content\/uploads\/2016\/05\/Heart-Cut-diamond-shape-300x300.jpg\" alt=\"Heart-Cut-diamond-shape\" width=\"300\" height=\"300\" srcset=\"https:\/\/gdparis.com\/wp-content\/uploads\/2016\/05\/Heart-Cut-diamond-shape-300x300.jpg 300w, https:\/\/gdparis.com\/wp-content\/uploads\/2016\/05\/Heart-Cut-diamond-shape-150x150.jpg 150w, https:\/\/gdparis.com\/wp-content\/uploads\/2016\/05\/Heart-Cut-diamond-shape.jpg 600w\" sizes=\"(max-width: 300px) 100vw, 300px\" \/>\n<\/div>\n<div class=\"space-bar\">\n&nbsp;<\/p>\n<p>&nbsp;\n<\/p><\/div>\n<div class=\"prdct-box text-space\">\n<p class=\"prdct-name\">\n<h3>La taille C\u0153ur<\/h3>\n<\/p>\n<p>Difficile de faire plus romantique qu\u2019un diamant en forme de c\u0153ur. M\u00eame si ce n\u2019est pas une taille traditionnelle, c\u2019est le symbole ultime de l\u2019amour.<\/p>\n<p>Il n\u2019y a pas de standard pour la taille C\u0153ur, il est donc primordial de bien veiller \u00e0 l\u2019harmonie de la forme : la pierre doit \u00eatre ni trop allong\u00e9e ni trop large.\n<\/p><\/div>\n<div class=\"space-bar\">\n&nbsp;<\/p>\n\n\n<p>&nbsp;\n<\/p><\/div>\n<div class=\"prdct-box\">\n<p class=\"prdct-name\">\n<h2>La Couleur<\/h2>\n<p>Le diamant blanc tr\u00e8s haut de gamme est fait de carbone pur. Lors de sa formation en cristal brut, un ph\u00e9nom\u00e8ne \u00e9trange se produit : d\u2019autres \u00e9l\u00e9ments chimiques p\u00e9n\u00e8trent sa structure atomique et en alt\u00e8rent la couleur. Le diamant parfait est l\u2019incolore, d\u2019une transparence parfaite. Les degr\u00e9s de couleurs sont class\u00e9s de D \u00e0 Z par la Charte Internationale de Classification, du pur incolore \u00e0 une teinte jaun\u00e2tre de plus en plus prononc\u00e9e.<\/p>\n<p>Les diamants existent dans la nature en large palette de couleurs rares : de l\u2019incolore au jaune, en passant par le brun, l\u2019orange, le rose, le violet, le rouge, le vert, le bleu, le gris et m\u00eame le noir. On les appelle alors \"Fancy Colors\". Mais les plus exceptionnels sont des diamants dits \"Cam\u00e9l\u00e9ons\", extraordinairement rares, ces pierres sont capables de changer de couleur sous l'effet de la temp\u00e9rature et de la lumi\u00e8re.<\/p>\n<p>Certains diamants r\u00e9agissent \u00e0 la lumi\u00e8re ultraviolette. Leur rayonnement produit est alors calcul\u00e9 selon une \u00e9chelle de 4 valeurs : Nul, Faible, Moyen et Fort. La transparence de diamants de couleurs de D \u00e0 H peut \u00eatre affect\u00e9e par la fluorescence class\u00e9s Strong. Quand des diamants d\u2019une grande taille poss\u00e8dent une forte fluorescence, parfois une \"couleur de p\u00e9trole\" peut \u00eatre observ\u00e9e sous les rayons du soleil.\n<\/p><\/div>\n<div class=\"space-bar\">\n&nbsp;\n<\/div>\n<div class=\"img-box text-space\"\">\n<img loading=\"lazy\" decoding=\"async\" class=\"aligncenter wp-image-1005 size-large\" src=\"https:\/\/gdparis.com\/wp-content\/uploads\/2016\/05\/Diamond-Colour_chart_Galeries-du-Diamant-1024x234.jpg\" alt=\"Diamond-Colour_chart_Galeries-du-Diamant\" width=\"1024\" height=\"234\" srcset=\"https:\/\/gdparis.com\/wp-content\/uploads\/2016\/05\/Diamond-Colour_chart_Galeries-du-Diamant-1024x234.jpg 1024w, https:\/\/gdparis.com\/wp-content\/uploads\/2016\/05\/Diamond-Colour_chart_Galeries-du-Diamant-300x69.jpg 300w, https:\/\/gdparis.com\/wp-content\/uploads\/2016\/05\/Diamond-Colour_chart_Galeries-du-Diamant-768x175.jpg 768w, https:\/\/gdparis.com\/wp-content\/uploads\/2016\/05\/Diamond-Colour_chart_Galeries-du-Diamant-700x160.jpg 700w\" sizes=\"(max-width: 1024px) 100vw, 1024px\" \/>\n<\/div>\n<div class=\"space-bar\">\n&nbsp;<\/p>\n\n<p>&nbsp;\n<\/p><\/div>\n<div class=\"prdct-box\">\n<p class=\"prdct-name\">\n<h2>La Puret\u00e9<\/h2>\n<\/p>\n<p>La puret\u00e9 se d\u00e9finit par de minuscules imperfections pr\u00e9sentes dans la plupart des diamants, sauf pour ceux d'une extr\u00eame raret\u00e9. Presque tous les diamants renferment des impuret\u00e9s internes et externes, appel\u00e9es inclusions.<\/p>\n<p>La puret\u00e9 d\u00e9finit la transparence du diamant. Produit par le hasard de la nature, le diamant passe par divers stades de croissance. Chaque phase de formation l\u2019expose \u00e0 un risque important de renfermer des imperfections. Plus le nombre d\u2019imperfections du diamant est \u00e9lev\u00e9 et moins le diamant aura de valeur. Cependant, ces impuret\u00e9s ne sont pas visibles \u00e0 l\u2019\u0153il nu. Il faut s\u2019\u00e9quiper de loupes pour les discerner. Elles n\u2019enl\u00e8vent rien \u00e0 l\u2019\u00e9clat du diamant. La puret\u00e9 se d\u00e9finit par le nombre, la taille, la nature et la position des inclusions. Le diamant est consid\u00e9r\u00e9 comme \u00e9tant de qualit\u00e9 excellente si aucun d\u00e9faut n'appara\u00eet \u00e0 l\u2019\u0153il nu. Le diamant parfaitement blanc, d'une extr\u00eame raret\u00e9, est appel\u00e9 \"loupe clean\" - aucun d\u00e9faut n'appara\u00eet \u00e0 la loupe grossissante dix fois. La classification de la puret\u00e9 va de \"loupe clean\" (aucun d\u00e9faut) \u00e0 P3 (inclusions visibles \u00e0 l\u2019\u0153il nu).\n<\/p><\/div>\n<div class=\"space-bar\">\n&nbsp;<\/p>\n<p>&nbsp;\n<\/p><\/div>\n<div class=\"img-box\">\n<img loading=\"lazy\" decoding=\"async\" class=\"aligncenter size-large wp-image-1006\" src=\"https:\/\/gdparis.com\/wp-content\/uploads\/2016\/05\/Diamond-Clarity_chart_Galeries-du-Diamant-529x1024.jpg\" alt=\"Diamond-Clarity_chart_Galeries-du-Diamant\" width=\"529\" height=\"1024\" srcset=\"https:\/\/gdparis.com\/wp-content\/uploads\/2016\/05\/Diamond-Clarity_chart_Galeries-du-Diamant-529x1024.jpg 529w, https:\/\/gdparis.com\/wp-content\/uploads\/2016\/05\/Diamond-Clarity_chart_Galeries-du-Diamant-155x300.jpg 155w, https:\/\/gdparis.com\/wp-content\/uploads\/2016\/05\/Diamond-Clarity_chart_Galeries-du-Diamant-768x1487.jpg 768w, https:\/\/gdparis.com\/wp-content\/uploads\/2016\/05\/Diamond-Clarity_chart_Galeries-du-Diamant-700x1355.jpg 700w, https:\/\/gdparis.com\/wp-content\/uploads\/2016\/05\/Diamond-Clarity_chart_Galeries-du-Diamant.jpg 1892w\" sizes=\"(max-width: 529px) 100vw, 529px\" \/>\n<\/div>\n<\/div>\n","protected":false},"excerpt":{"rendered":"<p>Des millions d\u2019ann\u00e9es, ont \u00e9t\u00e9 n\u00e9cessaires \u00e0 la formation du diamant. Couche apr\u00e8s couche, pression apr\u00e8s forte temp\u00e9rature, le diamant est remont\u00e9 \u00e0 la surface. Chaque pierre est unique, dans sa forme, sa couleur, sa taille et sa puret\u00e9. Ce sont l\u00e0 les 4 crit\u00e8res du diamant. Le Caratage Le poids d\u2019un diamant ne se&#8230;  <a class=\"excerpt-read-more\" href=\"https:\/\/gdparis.com\/fr\/choisir-un-diamant-dexception-la-regle-des-4-c\/\" title=\"Read Choisir un diamand d\u2019exception &#8211; La r\u00e8gle des 4 C\">Read more &raquo;<\/a><\/p>\n","protected":false},"author":3,"featured_media":0,"parent":0,"menu_order":0,"comment_status":"closed","ping_status":"closed","template":"","meta":{"footnotes":""},"_links":{"self":[{"href":"https:\/\/gdparis.com\/fr\/wp-json\/wp\/v2\/pages\/1371"}],"collection":[{"href":"https:\/\/gdparis.com\/fr\/wp-json\/wp\/v2\/pages"}],"about":[{"href":"https:\/\/gdparis.com\/fr\/wp-json\/wp\/v2\/types\/page"}],"author":[{"embeddable":true,"href":"https:\/\/gdparis.com\/fr\/wp-json\/wp\/v2\/users\/3"}],"replies":[{"embeddable":true,"href":"https:\/\/gdparis.com\/fr\/wp-json\/wp\/v2\/comments?post=1371"}],"version-history":[{"count":1,"href":"https:\/\/gdparis.com\/fr\/wp-json\/wp\/v2\/pages\/1371\/revisions"}],"predecessor-version":[{"id":4295,"href":"https:\/\/gdparis.com\/fr\/wp-json\/wp\/v2\/pages\/1371\/revisions\/4295"}],"wp:attachment":[{"href":"https:\/\/gdparis.com\/fr\/wp-json\/wp\/v2\/media?parent=1371"}],"curies":[{"name":"wp","href":"https:\/\/api.w.org\/{rel}","templated":true}]}}