{"id":1364,"date":"2016-05-31T19:04:10","date_gmt":"2016-05-31T17:04:10","guid":{"rendered":"https:\/\/gdparis.com\/fr\/?page_id=1364"},"modified":"2018-09-20T14:37:15","modified_gmt":"2018-09-20T12:37:15","slug":"prix-diamants","status":"publish","type":"page","link":"https:\/\/gdparis.com\/fr\/prix-diamants\/","title":{"rendered":"Le prix de diamants"},"content":{"rendered":"<div class=\"inner-page-sctn everything\">\n<div class=\"coll-12 sctn-two text-closer\"><img loading=\"lazy\" decoding=\"async\" class=\"aligncenter wp-image-306\" src=\"https:\/\/gdparis.com\/wp-content\/uploads\/2016\/07\/Your-HRD-Antwerp-Diamond-certificate-guarantee-of-quality.jpg\" alt=\"Your-HRD-Antwerp-Diamond-certificate-guarantee-of-quality\" width=\"1280\" height=\"905\" \/><\/div>\n<div class=\"coll-12 sctn-two\">Le prix des diamants est un exemple parfait des lois de l'offre et de la demande: le diamant co\u00fbte uniquement ce que le client est pr\u00eat \u00e0 payer pour l\u2019acqu\u00e9rir. Tout comme l\u2019or, dont le prix rep\u00e8re est \u00e9tabli lors du fixing \u00e0 Londres deux fois par jour au London Bullion Market Exchange, toutes les deux semaines, une liste de prix rep\u00e8res est publi\u00e9e \u00e0 New York pour les diamants.\u00c0 n\u2019importe quel moment, vous pouvez conna\u00eetre le prix rep\u00e8re du diamant qui d\u00e9pend des 4C de son certificat. Le prix d\u2019un diamant n\u2019augmente pas proportionnellement \u00e0 son caratage : sa couleur, sa taille et sa puret\u00e9 entrent \u00e9galement en ligne de compte.<br \/>\n&nbsp;<br \/>\nEn principe, les diamants incolores sont les plus chers (\u00e0 l\u2019exception des Fancy Colors qui suivent un sch\u00e9ma de croissance diff\u00e9rent). Plus de 80% de diamants taill\u00e9s ont une teinte jaun\u00e2tre, ce qui signifie qu\u2019ils sont moins purs et donc moins pris\u00e9s. Mais les diamants d\u2019une couleur jaune riche et profonde, les Fancy Colors, sont tr\u00e8s rares et donc tr\u00e8s pr\u00e9cieux.<\/p>\n<\/div>\n<\/div>\n","protected":false},"excerpt":{"rendered":"<p>Le prix des diamants est un exemple parfait des lois de l&rsquo;offre et de la demande: le diamant co\u00fbte uniquement ce que le client est pr\u00eat \u00e0 payer pour l\u2019acqu\u00e9rir. Tout comme l\u2019or, dont le prix rep\u00e8re est \u00e9tabli lors du fixing \u00e0 Londres deux fois par jour au London Bullion Market Exchange, toutes les&#8230;  <a class=\"excerpt-read-more\" href=\"https:\/\/gdparis.com\/fr\/prix-diamants\/\" title=\"Read Le prix de diamants\">Read more &raquo;<\/a><\/p>\n","protected":false},"author":3,"featured_media":0,"parent":0,"menu_order":0,"comment_status":"closed","ping_status":"closed","template":"","meta":{"footnotes":""},"_links":{"self":[{"href":"https:\/\/gdparis.com\/fr\/wp-json\/wp\/v2\/pages\/1364"}],"collection":[{"href":"https:\/\/gdparis.com\/fr\/wp-json\/wp\/v2\/pages"}],"about":[{"href":"https:\/\/gdparis.com\/fr\/wp-json\/wp\/v2\/types\/page"}],"author":[{"embeddable":true,"href":"https:\/\/gdparis.com\/fr\/wp-json\/wp\/v2\/users\/3"}],"replies":[{"embeddable":true,"href":"https:\/\/gdparis.com\/fr\/wp-json\/wp\/v2\/comments?post=1364"}],"version-history":[{"count":1,"href":"https:\/\/gdparis.com\/fr\/wp-json\/wp\/v2\/pages\/1364\/revisions"}],"predecessor-version":[{"id":4302,"href":"https:\/\/gdparis.com\/fr\/wp-json\/wp\/v2\/pages\/1364\/revisions\/4302"}],"wp:attachment":[{"href":"https:\/\/gdparis.com\/fr\/wp-json\/wp\/v2\/media?parent=1364"}],"curies":[{"name":"wp","href":"https:\/\/api.w.org\/{rel}","templated":true}]}}