{"id":1354,"date":"2016-05-31T18:13:20","date_gmt":"2016-05-31T16:13:20","guid":{"rendered":"https:\/\/gdparis.com\/fr\/?page_id=1354"},"modified":"2018-09-20T14:37:14","modified_gmt":"2018-09-20T12:37:14","slug":"diamond-industry-glossary","status":"publish","type":"page","link":"https:\/\/gdparis.com\/fr\/diamond-industry-glossary\/","title":{"rendered":"Glossaire des termes de l\u2019industrie du diamant"},"content":{"rendered":"<div class=\"inner-page-sctn everything\">\n<div class=\"inner-page\">\n<div class=\"coll-12 sctn-two\">\n<img loading=\"lazy\" decoding=\"async\" class=\"aligncenter wp-image-1020\" src=\"https:\/\/gdparis.com\/wp-content\/uploads\/2016\/05\/Gaby-Tolkowsky-1024x616.jpg\" alt=\"Gaby Tolkowsky\" width=\"1280\" height=\"770\" srcset=\"https:\/\/gdparis.com\/wp-content\/uploads\/2016\/05\/Gaby-Tolkowsky-1024x616.jpg 1024w, https:\/\/gdparis.com\/wp-content\/uploads\/2016\/05\/Gaby-Tolkowsky-300x180.jpg 300w, https:\/\/gdparis.com\/wp-content\/uploads\/2016\/05\/Gaby-Tolkowsky-768x462.jpg 768w, https:\/\/gdparis.com\/wp-content\/uploads\/2016\/05\/Gaby-Tolkowsky-700x421.jpg 700w, https:\/\/gdparis.com\/wp-content\/uploads\/2016\/05\/Gaby-Tolkowsky.jpg 1192w\" sizes=\"(max-width: 1280px) 100vw, 1280px\" \/><\/p>\n<div class=\"space-bar1\">\n&nbsp;\n<\/div>\n<p>Mineur \u201cToujours \u00e0 l\u2019aff\u00fbt\u201d<\/p>\n<p>La Russie, le Botswana, le Canada, la Namibie et l\u2019Afrique du Sud sont aujourd\u2019hui les plus grands pays producteurs de diamants. On trouve ces pr\u00e9cieux cailloux principalement dans des anciennes chemin\u00e9es volcaniques. Les mers et rivi\u00e8res sont \u00e9galement exploit\u00e9es. Afin de maintenir les niveaux annuels de production, les compagnies mini\u00e8res sont constamment \u00e0 la recherche de nouveaux sites d\u2019exploitation. La compagnie la plus connue reste De Beers, mais Dominion Diamond Corporation, Rio Tinto et Alrosa sont \u00e9galement des acteurs majeurs du secteur.<\/p>\n<div class=\"space-bar\">\n&nbsp;\n<\/div>\n<p>SIGHTHOLDER \"\u00c0 prendre ou \u00e0 laisser\"<\/p>\n<p>Le sightholder est un n\u00e9gociant pouvant acheter aux grandes entreprises d'extraction un lot de diamants \"\u00e0 vue\". \u00catre sightholder est un privil\u00e8ge r\u00e9serv\u00e9 aux n\u00e9gociants les plus exp\u00e9riment\u00e9s et les plus fortun\u00e9s. Les entreprises d\u2019extraction de diamants telles que De Beers et Alrosa savent exactement quels types de diamants les sightholders ach\u00e8tent et adaptent leur offre en cons\u00e9quence. Rejeter une \"vue\" ou n\u00e9gocier le prix ne se fait pas. Les sightholders proposent ensuite ces diamants aux acheteurs ou courtiers potentiels.\n<\/p><\/div>\n<div class=\"coll-12\">\n<div class=\"coll-6 left-block \">\n<img loading=\"lazy\" decoding=\"async\" class=\"alignleft wp-image-310 size-journal-summary-square\" src=\"https:\/\/gdparis.com\/wp-content\/uploads\/2015\/12\/The-Kimberley-diamond-mine-1-430x435.jpg\" alt=\"The-Kimberley-diamond-mine-\" width=\"550\" height=\"435\" \/><\/div>\n<div class=\"coll-6 right-block text-closer\"><img loading=\"lazy\" decoding=\"async\" class=\"alignright wp-image-311 size-journal-summary-square\" src=\"https:\/\/gdparis.com\/wp-content\/uploads\/2015\/12\/The-Kimberley-mine-sorting-diamonds-21-430x435.jpg\" alt=\"The-Kimberley-mine-sorting-diamonds-2\" width=\"550\" height=\"500\" \/><\/div>\n<\/div>\n<div class=\"coll-12 sctn-two\">\nThe Diamond Office<\/p>\n<p>Le Diamond Office est un acteur essentiel du succ\u00e8s du commerce du diamant \u00e0 Anvers. L\u2019institution a \u00e9t\u00e9 fond\u00e9e en septembre 1944, juste apr\u00e8s la lib\u00e9ration d'Anvers, afin de remettre l'industrie du diamant sur les rails au sortir de la Seconde Guerre Mondiale. Aujourd'hui, le Diamond Office est responsable de la d\u00e9claration et de l'expertise des diamants qui sont import\u00e9s et export\u00e9s de Belgique. Chaque diamant qui transite par la Belgique est contr\u00f4l\u00e9, v\u00e9rifi\u00e9 et d\u00e9clar\u00e9 par des experts asserment\u00e9s. C\u2019est le seul lieu au monde o\u00f9 les diamants sont ainsi contr\u00f4l\u00e9s. Chaque jour quelques 250 millions de dollars en diamants passent via le Diamond Office.\n<\/p><\/div>\n<div class=\"coll-12\">\n<div class=\"coll-6 left-block text-closer\">\n<img loading=\"lazy\" decoding=\"async\" class=\"alignleft wp-image-1030 size-portrait-alt\" src=\"https:\/\/gdparis.com\/wp-content\/uploads\/2016\/05\/Diamond-polisher-by-Charlotte-Tyser--400x600.jpg\" alt=\"Diamond polisher by Charlotte Tyser\" width=\"400\" height=\"600\" \/>\n<\/div>\n<div class=\"coll-6 right-block text-closer\">\nCourtier \"Ni acheteur ni vendeur\"<\/p>\n<p>Le courtier est un interm\u00e9diaire qui re\u00e7oit d\u2019un diamantaire un lot de diamants en vue de trouver un acheteur appropri\u00e9 parmi ses contacts sur les places boursi\u00e8res du diamant. Les propri\u00e9taires de pierres accordent aux courtiers une grande marge de libert\u00e9 dans la n\u00e9gociation du prix. \u00c9tant donn\u00e9 que les transactions se d\u00e9roulent de plus en plus fr\u00e9quemment en direct entre vendeur et acheteur, la profession de courtier est aujourd\u2019hui mise \u00e0 mal.<\/p>\n<div class=\"space-bar1\">\n&nbsp;\n<\/div>\n<p>Insurer \"Toujours assur\u00e9, toujours en s\u00e9curit\u00e9\"<\/p>\n<p>Un diamant est toujours assur\u00e9 : d\u00e8s l\u2019instant o\u00f9 il quitte la main de son ancien d\u00e9tenteur jusqu\u2019\u00e0 ce qu\u2019il soit en possession de son nouveau propri\u00e9taire. Vous trouverez dans le quartier des diamantaires quelques compagnies sp\u00e9cialis\u00e9es en assurance de pierres brutes et diamants taill\u00e9s.<\/p>\n<div class=\"space-bar\">\n&nbsp;\n<\/div>\n<p>Grader \"Chaque diamant est diff\u00e9rent\"<\/p>\n<p>Des sp\u00e9cialistes de laboratoires gemmologiques expertisent les diamants selon les 4C: couleur, caratage, puret\u00e9 et taille. Pour cela, ils utilisent des appareils de mesure et logiciels sp\u00e9cifiques d\u00e9velopp\u00e9s \u00e0 Anvers. Un certificat est \u00e9mis sur la base des r\u00e9sultats des examens du laboratoire. Ce certificat d\u00e9crit la pierre et sa taille avec pr\u00e9cision et garantit la qualit\u00e9 de la pierre. La demande de certificat peut aussi bien provenir de diamantaires que de joailliers ou des particuliers. Seuls les certificats de 3 instituts sont reconnus dans le monde entier : le Gemological Intstitute of America (GIA), le HRD Antwerp et le International Gemological Institute (IGI). Ce n\u2019est pas un hasard si deux d'entre eux sont situ\u00e9s \u00e0 Anvers : HRD Antwerp et International Gemological Institute (IGI).<\/p><\/div>\n<\/div>\n<div class=\"coll-12 sctn-two\">\nN\u00e9gociant \"La confiance est essentielle\"<br \/>\n&nbsp;<br \/>\nPour faire du commerce de diamants \u00e0 Anvers, il est obligatoire d'\u00eatre un n\u00e9gociant en diamants enregistr\u00e9. Seuls un membre des 4 bourses peut commercialiser lui-m\u00eame des diamants dans les salles des ventes, ce qui implique de r\u00e9pondre \u00e0 des conditions strictes : faire valoir deux ann\u00e9es d\u2019exp\u00e9rience dans le secteur, avoir un casier judiciaire vierge et pr\u00e9senter certains documents. Il est \u00e9galement n\u00e9cessaire que deux membres de la bourse se portent garants moraux. L\u2019adh\u00e9sion fait en quelque sorte office de \"carte de cr\u00e9dit\" : elle fait savoir au monde du diamant que vous \u00eates digne de confiance. Si les choses tournent mal, vous risquez une suspension \u00e0 vie, et ce \u00e0 l\u2019\u00e9chelle mondiale. La bourse poss\u00e8de une justice interne o\u00f9 les litiges commerciaux sont r\u00e9gl\u00e9s, de pr\u00e9f\u00e9rence par voie de conciliation, et \u00e9ventuellement \u00e0 l\u2019aide d\u2019un conseil d'arbitrage, selon la devise \"Mieux vaut un demi-pain que pas de pain du tout\". Cette justice interne est suivie avant de pouvoir se rendre au tribunal de commerce. De nos jours, les bourses de diamants du monde entier sont avant tout devenues de simples fournisseurs de services.\n<\/div>\n<\/div>\n<\/div>\n","protected":false},"excerpt":{"rendered":"<p>&nbsp; Mineur \u201cToujours \u00e0 l\u2019aff\u00fbt\u201d La Russie, le Botswana, le Canada, la Namibie et l\u2019Afrique du Sud sont aujourd\u2019hui les plus grands pays producteurs de diamants. On trouve ces pr\u00e9cieux cailloux principalement dans des anciennes chemin\u00e9es volcaniques. Les mers et rivi\u00e8res sont \u00e9galement exploit\u00e9es. Afin de maintenir les niveaux annuels de production, les compagnies mini\u00e8res&#8230;  <a class=\"excerpt-read-more\" href=\"https:\/\/gdparis.com\/fr\/diamond-industry-glossary\/\" title=\"Read Glossaire des termes de l\u2019industrie du diamant\">Read more &raquo;<\/a><\/p>\n","protected":false},"author":3,"featured_media":0,"parent":0,"menu_order":0,"comment_status":"closed","ping_status":"closed","template":"","meta":{"footnotes":""},"_links":{"self":[{"href":"https:\/\/gdparis.com\/fr\/wp-json\/wp\/v2\/pages\/1354"}],"collection":[{"href":"https:\/\/gdparis.com\/fr\/wp-json\/wp\/v2\/pages"}],"about":[{"href":"https:\/\/gdparis.com\/fr\/wp-json\/wp\/v2\/types\/page"}],"author":[{"embeddable":true,"href":"https:\/\/gdparis.com\/fr\/wp-json\/wp\/v2\/users\/3"}],"replies":[{"embeddable":true,"href":"https:\/\/gdparis.com\/fr\/wp-json\/wp\/v2\/comments?post=1354"}],"version-history":[{"count":1,"href":"https:\/\/gdparis.com\/fr\/wp-json\/wp\/v2\/pages\/1354\/revisions"}],"predecessor-version":[{"id":4299,"href":"https:\/\/gdparis.com\/fr\/wp-json\/wp\/v2\/pages\/1354\/revisions\/4299"}],"wp:attachment":[{"href":"https:\/\/gdparis.com\/fr\/wp-json\/wp\/v2\/media?parent=1354"}],"curies":[{"name":"wp","href":"https:\/\/api.w.org\/{rel}","templated":true}]}}