{"id":1352,"date":"2016-05-31T18:10:49","date_gmt":"2016-05-31T16:10:49","guid":{"rendered":"https:\/\/gdparis.com\/fr\/?page_id=1352"},"modified":"2018-09-20T14:37:14","modified_gmt":"2018-09-20T12:37:14","slug":"geologie-du-diamant","status":"publish","type":"page","link":"https:\/\/gdparis.com\/fr\/geologie-du-diamant\/","title":{"rendered":"G\u00e9ologie du diamant"},"content":{"rendered":"<div class=\"inner-page-sctn everything\">\n<div class=\"coll-12 sctn-two\"><img loading=\"lazy\" decoding=\"async\" class=\"aligncenter size-full wp-image-1206\" src=\"https:\/\/gdparis.com\/wp-content\/uploads\/2016\/07\/The-geology-of-diamonds.jpg\" alt=\"The geology of diamonds\" width=\"1479\" height=\"596\" \/><br \/>\n&nbsp;<br \/>\nLe diamant est l\u2019une des plus anciennes cr\u00e9ations de la nature. C\u2019est aussi l\u2019une des plus belles. Les diamants sont constitu\u00e9s du carbone pur, cristallis\u00e9 sous pression et \u00e9lev\u00e9 \u00e0 une temp\u00e9rature de plus de 1000 degr\u00e9s. Leur extr\u00eame duret\u00e9 r\u00e9sulte de leur structure atomique tr\u00e8s dense. Le carbone cristallise en cristal de forme cubique \u2013 un diamant parfait est en forme d'octa\u00e8dre. Parfois, c\u2019est un dod\u00e9ca\u00e8dre ou bien un hexa\u00e8dre.Tout ce que l\u2019on sait des conditions auxquelles les diamants furent soumis lors de leur cr\u00e9ation, nous vient des th\u00e9ories des exp\u00e9riences scientifiques de production des diamants synth\u00e9tiques. D\u2019apr\u00e8s la plus c\u00e9l\u00e8bre des th\u00e9ories, les diamants se formaient dans le magma liquide en refroidissement sous pression et \u00e0 une temp\u00e9rature de plus de 1300 degr\u00e9s. Cette pression et cette temp\u00e9rature n\u2019existent qu\u2019\u00e0 des profondeurs de 130 \u00e0 200 km sous la surface de la Terre dans les volcans en activit\u00e9.<\/p>\n<p>&nbsp;<br \/>\nLa composition chimique du magma n\u2019\u00e9tant pas uniforme, il existe donc deux types de diamants : des diamants du Type 1 avec de l\u2019azote dans leur structure atomique et Type 2, sans azote.Quand les deux forces de formation, temp\u00e9rature et pression, ne sont pas homog\u00e8nes, les diamants ainsi cr\u00e9es pr\u00e9sentent des irr\u00e9gularit\u00e9s et malformations comme des strates ou couches de croissance.<\/p>\n<\/div>\n<div class=\"coll-12\">\n<div class=\"coll-6 left-block text-closer\"><img loading=\"lazy\" decoding=\"async\" class=\"size-box alignleft wp-image-304 size-journal-summary-short\" src=\"https:\/\/gdparis.com\/wp-content\/uploads\/2015\/10\/Geology-illustrated-kimberlite-dyke-295x340.jpg\" alt=\"Geology-illustrated---kimberlite-dyke\" width=\"500\" height=\"340\" \/><\/div>\n<div class=\"coll-6 right-block\">Si pendant la cristallisation, les diamants ne sont pas expos\u00e9s \u00e0 l\u2019air pour se refroidir et se r\u00e9duire en pression rapidement, ils se transformeront en graphite. Il semble donc que le diamant doit sortir des entrailles de la terre avec l'\u00e9ruption de roches volcaniques. Les diamants sont v\u00e9hicul\u00e9s par les roches \u00e9ruptives, par les pipes et les dykes qui contiennent des roches kimberlitiques ou lamproitiques. Les pipes, comme les appellent les mineurs, sont vieilles de 100 millions \u00e0 1.2 milliards d\u2019ann\u00e9es ; ces \u00e9ruptions de roches volcaniques violentes ne pourraient plus se produire aujourd\u2019hui.Lorsque des anciens continents d\u00e9rivaient puis se r\u00e9assemblaient pour en former de nouveaux, ces pipes se sont distribu\u00e9es \u00e0 travers le globe. Aujourd\u2019hui, 80% des diamants sont extraits dans les 7 principaux pays producteurs : Australie, Congo, Botswana, Afrique du Sud, Russie, Namibie et Angola.<\/p>\n<p>&nbsp;<br \/>\nIl existe 2 types de gisements diamantif\u00e8res. Les gisements primaires sont constitu\u00e9s de pipes et de dykes qui contiennent des roches kimberlitiques, les voies que les diamants ont emprunt\u00e9es pour remonter \u00e0 la surface de la terre. Ces gisements sont exploit\u00e9s gr\u00e2ce \u00e0 une technologie industrielle compliqu\u00e9e, invasive et tr\u00e8s nuisible \u00e0 l'environnement. Au fil des intemp\u00e9ries, les diamants se d\u00e9tachent de la roche primaire et sont entra\u00een\u00e9s par les eaux de ruissellement, les ruisseaux et les fleuves. Ils sont ensuite dispers\u00e9s tout au long de leur parcours. Les gisements ainsi form\u00e9s s\u2019appellent secondaires ou alluvionnaires. La distance parcourue par les diamants alluvionnaires, tr\u00e8s variable, peut \u00eatre parfois consid\u00e9rable puisqu\u2019il arrive qu\u2019ils soient entra\u00een\u00e9s jusque vers les plages ou au fond des mers. Ces diamants peuvent \u00eatre extraits avec les techniques artisanales manuelles, tout en respectant la nature.<\/p>\n<\/div>\n<\/div>\n<\/div>\n","protected":false},"excerpt":{"rendered":"<p>&nbsp; Le diamant est l\u2019une des plus anciennes cr\u00e9ations de la nature. C\u2019est aussi l\u2019une des plus belles. Les diamants sont constitu\u00e9s du carbone pur, cristallis\u00e9 sous pression et \u00e9lev\u00e9 \u00e0 une temp\u00e9rature de plus de 1000 degr\u00e9s. Leur extr\u00eame duret\u00e9 r\u00e9sulte de leur structure atomique tr\u00e8s dense. Le carbone cristallise en cristal de forme&#8230;  <a class=\"excerpt-read-more\" href=\"https:\/\/gdparis.com\/fr\/geologie-du-diamant\/\" title=\"Read G\u00e9ologie du diamant\">Read more &raquo;<\/a><\/p>\n","protected":false},"author":3,"featured_media":0,"parent":0,"menu_order":0,"comment_status":"closed","ping_status":"closed","template":"","meta":{"footnotes":""},"_links":{"self":[{"href":"https:\/\/gdparis.com\/fr\/wp-json\/wp\/v2\/pages\/1352"}],"collection":[{"href":"https:\/\/gdparis.com\/fr\/wp-json\/wp\/v2\/pages"}],"about":[{"href":"https:\/\/gdparis.com\/fr\/wp-json\/wp\/v2\/types\/page"}],"author":[{"embeddable":true,"href":"https:\/\/gdparis.com\/fr\/wp-json\/wp\/v2\/users\/3"}],"replies":[{"embeddable":true,"href":"https:\/\/gdparis.com\/fr\/wp-json\/wp\/v2\/comments?post=1352"}],"version-history":[{"count":1,"href":"https:\/\/gdparis.com\/fr\/wp-json\/wp\/v2\/pages\/1352\/revisions"}],"predecessor-version":[{"id":4298,"href":"https:\/\/gdparis.com\/fr\/wp-json\/wp\/v2\/pages\/1352\/revisions\/4298"}],"wp:attachment":[{"href":"https:\/\/gdparis.com\/fr\/wp-json\/wp\/v2\/media?parent=1352"}],"curies":[{"name":"wp","href":"https:\/\/api.w.org\/{rel}","templated":true}]}}