{"id":1344,"date":"2016-05-31T17:36:10","date_gmt":"2016-05-31T15:36:10","guid":{"rendered":"https:\/\/gdparis.com\/fr\/?page_id=1344"},"modified":"2018-09-20T14:37:14","modified_gmt":"2018-09-20T12:37:14","slug":"a-diamond-timeline","status":"publish","type":"page","link":"https:\/\/gdparis.com\/fr\/a-diamond-timeline\/","title":{"rendered":"Diamants au fil du temps"},"content":{"rendered":"<div class=\"inner-page-sctn everything\">\n<div class=\"inner-page\">\n<div class=\"coll-12 sctn-two \">\n<img loading=\"lazy\" decoding=\"async\" class=\"aligncenter size-home-slider wp-image-324\" src=\"https:\/\/gdparis.com\/wp-content\/uploads\/2016\/07\/Diamond-origins2-by-Harman-Wardani-1400x925-1.jpg\" alt=\"Diamond-origins2-by-Harman-Wardani\" width=\"1400\" height=\"925\" \/>\n<div class=\"space-bar1\">&nbsp;<\/div>\n<p>3 milliards d\u2019ann\u00e9es av. J-C : Apparition du diamant<\/p>\n<p>Le diamant est l\u2019une des plus vieilles mati\u00e8res sur Terre : 1 \u00e0 3,5 milliards d\u2019ann\u00e9es. Notons que la Terre n\u2019est \u00e2g\u00e9e \"que\" de 4,5 milliards d\u2019ann\u00e9es.<\/p>\n<div class=\"space-bar\"><\/div>\n<p>100 millions d\u2019ann\u00e9es av. J-C: Explosions de la kimberlite<\/p>\n<p>Les diamants se sont form\u00e9s dans les entrailles de la terre, \u00e0 des temp\u00e9ratures et pressions extr\u00eames. C\u2019est par un heureux hasard, \u00e0 savoir des \u00e9ruptions volcaniques dues \u00e0 la d\u00e9rive des continents, qu\u2019ils se sont rapproch\u00e9s de la surface. Comme le diamant se dissout dans le magma, il devait \u00eatre emprisonn\u00e9 dans un fragment de kimberlite pour avoir une chance de remonter intact.<\/p>\n<\/div>\n<div class=\"coll-12\">\n<div class=\"coll-6 right-block pull-right text-closer\">\n<div class=\"img-box\"><img loading=\"lazy\" decoding=\"async\" class=\"alignright wp-image-325 size-journal-summary-short\" src=\"https:\/\/gdparis.com\/wp-content\/uploads\/2015\/10\/Arthasastra-by-Kautiliya-Indian-prince-1-295x340.jpg\" alt=\"Arthasastra-by-Kautiliya---Indian-prince-\" width=\"500\" height=\"340\" \/><\/div>\n<\/div>\n<div class=\"coll-6 left-block text-closer\">\n<p style=\"text-align: left;\">800 av. J-C: D\u00e9couverte des premiers diamants en Inde<\/p>\n<p>La premi\u00e8re r\u00e9f\u00e9rence aux diamants \u00e9mane d\u2019un manuscrit sanscrit, \"La Le\u00e7on de Profit\" (Arthasastra) par Kautiliya, datant de 320 \u00e0 296 avant JC.<\/p>\n<p>\"<em>(Un diamant qui est) gros, lourd, capable de porter des coups, avec des points sym\u00e9triques, capable de gratter (de l'int\u00e9rieur) un (verre) r\u00e9cipient (rempli d'eau), tournant comme une broche et dont le brillant est excellent. Ce (diamant) avec des points perdus, sans bords et d\u00e9fectueux sur un c\u00f4t\u00e9 est mauvais.<\/em>\"<\/p>\n<p>Les premiers diamants d\u00e9couverts en Inde se trouvaient dans les rivi\u00e8res et leurs alentours. \u00c0 l\u2019\u00e9poque, on ne les taillait pas, de peur qu\u2019ils ne perdent leurs pouvoirs magiques. Seul le polissage \u00e9tait autoris\u00e9. Les plus gros diamants devenaient automatiquement la propri\u00e9t\u00e9 du souverain.<\/p>\n<p>Les diamants \u00e9taient un mat\u00e9riau pr\u00e9cieux. Des perles marqu\u00e9es par des foreuses \u00e0 diamants datant du 4e si\u00e8cle avant notre \u00e8re ont \u00e9t\u00e9 trouv\u00e9es dans des sites antiques au Y\u00e9men. \u00c0 l'\u00e9poque, le nom sanscrit pour diamant \u00e9tait Vajra (foudre) ou Indrayudha (l'arme d'Indra).<\/p>\n<p>L'Inde a \u00e9t\u00e9 le seul producteur et exportateur de diamants jusqu'en 1725.<\/p>\n<\/div>\n<\/div>\n<div class=\"coll-12 sctn-two \">\n<p>La M\u00e9diterran\u00e9eIl est difficile de retracer l'histoire du diamant dans les \u00e9crits en raison des nombreux noms qu'il a port\u00e9s. L'\u00e9l\u00e8ve de Platon, Th\u00e9ophraste, de 372 \u00e0 322 avant JC, rapproche dans son trait\u00e9 \u201cDe lapidibus\u201d (\u201cSur les pierres\u201d) le mot Adamas de l'\u00e9meri, une roche contenant le corindon, le min\u00e9ral le plus dur apr\u00e8s le diamant. Pline l'Ancien \u00e9crivait dans son encyclop\u00e9die \"Historia naturalis\", de 77 \u00e0 79 de notre \u00e8re:<\/p>\n<div class=\"space-bar1\"><\/div>\n<p style=\"text-align: center;\">\u201c<em>La substance qui poss\u00e8de la plus grande valeur, non seulement parmi les pierres pr\u00e9cieuses, mais de toutes les possessions de l'homme, est Adamas, un min\u00e9ral qui pendant longtemps a \u00e9t\u00e9 connu seulement des rois et encore, de tr\u00e8s peu d'entre eux<\/em>\u201d<\/p>\n<div class=\"space-bar\"><\/div>\n<p style=\"text-align: center;\"><em>\u201cCes particules sont tenues en haute estime par les graveurs, qui les ench\u00e2ssent dans le fer, leur permettant ainsi, avec la plus grande facilit\u00e9, de couper les substances les plus dures connues.<\/em>\u201d<\/p>\n<div class=\"space-bar1\"><\/div>\n<p>1300: Les premi\u00e8res routes du commerce du diamant vers l'Europe<\/p>\n<p>Les diamants commencent \u00e0 appara\u00eetre dans les bijoux europ\u00e9ens entre les 13\u00e8me et 14\u00e8me si\u00e8cles. La premi\u00e8re capitale de n\u00e9goce de diamants europ\u00e9enne f\u00fbt Venise, o\u00f9 les premi\u00e8res tentatives pour polir les surfaces naturelles et gommer les d\u00e9fauts du diamant datent de peu apr\u00e8s 1330. \u00c0 la fin du 14\u00e8me si\u00e8cle, la route du commerce du diamant a continu\u00e9 vers Paris et Bruges, avant d\u2019arriver \u00e0 Anvers, depuis lors capitale mondiale du diamant. Lorsque Vasco de Gama d\u00e9couvre la route maritime de l'Orient par le Cap de Bonne-Esp\u00e9rance en 1499, il donne l'occasion aux Europ\u00e9ens d\u2019atteindre l'Inde directement et ainsi d'\u00e9viter les pirates. Goa devint le centre du commerce portugais, et une route du diamant fut d\u00e9velopp\u00e9e depuis cette ville jusqu\u2019\u00e0 Anvers via Lisbonne, permettant ainsi une importation annuelle de 1 000 \u00e0 2 000 carats jusqu'en 1725.<\/p>\n<\/div>\n<div class=\"coll-12 sctn-two text-closer\">\n<div class=\"img-box text-closer text-closer\"><img loading=\"lazy\" decoding=\"async\" class=\"aligncenter size-full wp-image-1052\" src=\"https:\/\/gdparis.com\/wp-content\/uploads\/2016\/07\/Old-Venice-A-detail-from-the-Merian-map-of-1635-1.jpg\" alt=\"Old Venice - A detail from the Merian map of 1635\" width=\"1092\" height=\"753\" \/><\/div>\n<\/div>\n<div class=\"coll-12 sctn-two \">\n<p>15e si\u00e8cle : l\u2019\u00e9mergence d\u2019AnversLe document le plus ancien attestant de la pratique du commerce du diamant \u00e0 Anvers remonte \u00e0 1447. 1475 nous apporte la premi\u00e8re roue de polissage de diamants avec un m\u00e9lange d'huile d'olive et de poussi\u00e8re de diamant : la Scaif, invent\u00e9e par Lodewyk van Berken. Avec elle vient le concept de sym\u00e9trie absolue dans le positionnement des facettes. En 1565 Benvenuto Cellini d\u00e9crira pour la premi\u00e8re fois cet \u00e9quipement de taille du diamant.<\/p>\n<p>Les diamants ont d\u2019abord \u00e9t\u00e9 l\u2019apanage des souverains de sexe masculin. Les notables, toujours au masculin, leur ont ensuite embo\u00eet\u00e9 le pas. Le grand peintre baroque Rubens, par exemple, en poss\u00e9dait plusieurs et les portait r\u00e9guli\u00e8rement. Ce n\u2019est que beaucoup plus tard, \u00e0 partir du 15\u00e8me si\u00e8cle, que les femmes ont commenc\u00e9 \u00e0 porter des diamants. La pionni\u00e8re fut Agn\u00e8s Sorel, la ma\u00eetresse du roi Charles VII, qui re\u00e7ut un diamant en cadeau de son amant.<\/p>\n<p>La premi\u00e8re bague de fian\u00e7ailles avec un diamant, donn\u00e9 comme symbole de l\u2019amour \u00e9ternel, est offerte \u00e0 Marie de Bourgogne par Maximilien d'Autriche. Le monde entier suit alors la tendance.<\/p>\n<p>En 1448 le (pr\u00e9sum\u00e9) premier tailleur du diamant anversois fait son apparition dans les registres. \u201cWouter Pauwels \u2013 diamantslyper\u201d (tailleur de diamants) Voil\u00e0 ce que l\u2019on peut lire dans les archives de la confr\u00e9rie de Notre-Dame d'Anvers. Wouter n\u2019est probablement pas le pionnier diamantaire d\u2019Anvers, mais il est le premier dont nous connaissons le nom.<\/p>\n<\/div>\n<div class=\"coll-12 sctn-two text-closer\">\n<div class=\"img-box\"><img loading=\"lazy\" decoding=\"async\" class=\"aligncenter wp-image-1054\" src=\"https:\/\/gdparis.com\/wp-content\/uploads\/2016\/07\/The-rise-of-Antwerp-Marriage_of_Mary_of_Burgundy_and_Maximilian_of_Austria-to-be-used-1.jpg\" alt=\"The rise of Antwerp - Marriage_of_Mary_of_Burgundy_and_Maximilian_of_Austria\" width=\"1280\" height=\"1008\" \/><\/div>\n<\/div>\n<div class=\"coll-12 sctn-two \">\n<p>16\u00e8me si\u00e8cle : Le si\u00e8cle d\u2019orAu 16\u00e8me si\u00e8cle, peu de villes connaissent l\u2019essor d\u2019Anvers. 40% du commerce mondial transite par la ville. Anvers est alors le centre de commerce le plus important d\u2019Europe. Le secteur du diamant y occupe un r\u00f4le central, qu\u2019il conserve jusqu\u2019aujourd\u2019hui. Anvers reste \u00e0 ce jour le centre n\u00e9vralgique du commerce du diamant dans le monde.<\/p>\n<div class=\"space-bar1\">\n\n<\/div>\n<p>17\u00e8me si\u00e8cle : Jean-Baptiste Tavernier<\/p>\n<p>L\u2019intr\u00e9pide courtier fran\u00e7ais Jean-Baptiste Tavernier est le premier Europ\u00e9en \u00e0 obtenir le droit de visite des gisements de diamants indiens. Dans \"Les six voyages de Jean-Baptiste Tavernier\" il d\u00e9crit les mines pr\u00e8s de Golconde, c\u00e9l\u00e8bres pour leurs pierres pr\u00e9cieuses. Il donne \u00e0 voir les plus gros diamants et \u00e9voque histoires et mythes au sujet de diamants c\u00e9l\u00e8bres. La plus c\u00e9l\u00e8bre d\u00e9couverte de Tavernier reste un \u00e9tonnant diamant bleu, connu aujourd'hui comme le Blue Hope. De ses voyages, il a \u00e9galement ramen\u00e9 20 \u00e9normes diamants qu\u2019il a vendus, entre autres, au roi Louis XIV \u00e0 Versailles. Le \"Tavernierkaai\" sur rivi\u00e8re l'Escaut lui doit son nom.<\/p>\n<\/div>\n<div class=\"coll-12 \">\n<div class=\"img-box two-imgs\">\n<div class=\"coll-6 left-block \"><img loading=\"lazy\" decoding=\"async\" class=\"alignleft wp-image-353 size-home-feature-alt\" src=\"https:\/\/gdparis.com\/wp-content\/uploads\/2015\/12\/Les-six-voyages-de-Jean-Baptiste-Tavernier-464x610.jpg\" alt=\"Les-six-voyages-de-Jean-Baptiste-Tavernier\" width=\"464\" height=\"610\" \/><\/div>\n<div class=\"space-bar1\"><\/div>\n<div class=\"space-bar1\"><\/div>\n<div class=\"space-bar1\"><\/div>\n<div class=\"coll-6 right-block text-closer\"><img loading=\"lazy\" decoding=\"async\" class=\"alignright wp-image-351 size-home-feature-alt\" src=\"https:\/\/gdparis.com\/wp-content\/uploads\/2015\/12\/Les-six-voyages-de-Jean-Baptiste-Tavernier-2-464x610.jpg\" alt=\"Les-six-voyages-de-Jean-Baptiste-Tavernier-2\" width=\"464\" height=\"610\" \/><\/div>\n<\/div>\n<\/div>\n<div class=\"coll-12 sctn-two \">\n<p>Une nouvelle \u00e8re pour le commerce du diamant : le Br\u00e9sil, l'Afrique et la Russie<\/p>\n<div class=\"space-bar1\"><\/div>\n<p>En 1725, on d\u00e9couvre des gisements au Br\u00e9sil, et la production augmente consid\u00e9rablement. Les importations annuelles \u00e0 Lisbonne passent de 1000 \u00e0 200 000 carats. Ces volumes restent \u00e0 peu pr\u00e8s les m\u00eames jusqu'en 1867, date \u00e0 laquelle sont d\u00e9couverts de nouveaux gisements en Afrique du Sud, dans le Kimberley. La production de diamants bruts augmente depuis constamment : 1,8 millions de carats en 1877, 3 millions de carats en 1892, puis 6 millions de carats en 1913. En 1949, des gisements russes sont d\u00e9couverts en Sib\u00e9rie, ajoutant 15 millions de carats \u00e0 la production mondiale.<\/p>\n<\/div>\n<div class=\"coll-12 \">\n<div class=\"coll-6 right-block pull-right text-closer\">\n<div class=\"img-box\"><img loading=\"lazy\" decoding=\"async\" class=\"alignright wp-image-380 size-journal-summary-tall\" src=\"https:\/\/gdparis.com\/wp-content\/uploads\/2015\/12\/Johannes-Nicolaas-De-Beer-295x435.jpg\" alt=\"Johannes-Nicolaas-De-Beer\" width=\"295\" height=\"435\" \/><\/div>\n<\/div>\n<div class=\"coll-6 left-block nicolaas-text\">\n<p>19\u00e8me si\u00e8cle : Mine de diamants De Beers<\/p>\n<div class=\"space-bar1\"><\/div>\n<p>C\u2019est l\u2019histoire de 2 simples fermiers dont tout le monde conna\u00eet le nom. Johannes Nicolaas et Diederik Arnoldus De Beers. Lorsqu\u2019en 1865, les deux fr\u00e8res ach\u00e8tent la ferme \"Vooruitzicht\" en Afrique du Sud, ils sont loin de se douter que quelques ann\u00e9es plus tard, un diamant y serait d\u00e9couvert. Les faits se produisent en 1871 et le diamant brut ne fait pas moins de 83,5 carats. Les fr\u00e8res revendent leur terrain pour 6,8 millions de livres britanniques. Une somme rondelette, mais c'est pour l'\u00e9quivalent de dizaines de millions de livres que des diamants sont ensuite extraits de la mine De Beers, commenc\u00e9e dans leur cour.<\/p>\n<\/div>\n<\/div>\n<div class=\"coll-12\">\n<div class=\"coll-6 left-block text-closer\">\n<div class=\"img-box\"><img loading=\"lazy\" decoding=\"async\" class=\"alignleft wp-image-1066\" src=\"https:\/\/gdparis.com\/wp-content\/uploads\/2016\/05\/Cullinan-at-Kimberley-Mine--295x340.jpg\" alt=\"Cullinan at Kimberley Mine\" width=\"231\" height=\"410\" srcset=\"https:\/\/gdparis.com\/wp-content\/uploads\/2016\/05\/Cullinan-at-Kimberley-Mine--169x300.jpg 169w, https:\/\/gdparis.com\/wp-content\/uploads\/2016\/05\/Cullinan-at-Kimberley-Mine--577x1024.jpg 577w, https:\/\/gdparis.com\/wp-content\/uploads\/2016\/05\/Cullinan-at-Kimberley-Mine-.jpg 700w\" sizes=\"(max-width: 231px) 100vw, 231px\" \/><\/div>\n<\/div>\n<div class=\"space-bar1\">\n\n<\/div>\n<div class=\"coll-6 right-block nicolaas-text\">\n<p>1905: Le plus gros diamant de l\u2019histoire<\/p>\n<div class=\"space-bar1\"><\/div>\n<p>\u00c0 sa d\u00e9couverte, le diamant \"Cullinan\" poss\u00e8de une masse de 3 106 carats (600 grammes). Il est ainsi nomm\u00e9 d\u2019apr\u00e8s le propri\u00e9taire de la mine d\u2019o\u00f9 il est extrait. Le Cullinan est partag\u00e9 en 9 pierres taill\u00e9es : Cullinan I \u00e0 IX . Les 9 pierres ont \u00e9t\u00e9 offertes \u00e0 la famille royale britannique.<\/p>\n<\/div>\n<\/div>\n<div class=\"coll-12\">\n<div class=\"coll-6 right-block pull-right text-closer\">\n<div class=\"img-box\"><img loading=\"lazy\" decoding=\"async\" class=\"alignright wp-image-1071 size-journal-summary-wide\" src=\"https:\/\/gdparis.com\/wp-content\/uploads\/2016\/05\/Diamond-elements-diagram-Tolkowski-430x340.jpg\" alt=\"Diamond elements diagram Tolkowski\" width=\"430\" height=\"340\" \/><\/div>\n<\/div>\n<div class=\"space-bar1\">\n\n\n<\/div>\n<div class=\"coll-6 left-block text-closer\">\n<p style=\"text-align: left;\">1919: L\u2019Anversois Tolkowsky optimise la taille et la brillance<\/p>\n<p style=\"text-align: left;\">Au moins 90 % des diamants incolores poss\u00e8dent une coupe \"taille brillant\". Cette coupe \u00e0 57 facettes est d\u00e9velopp\u00e9e par l\u2019Anversois Marcel Tolkowsky. Elle t\u00e9moigne d\u2019un vrai savoir-faire anversois.<\/p>\n<\/div>\n<\/div>\n<div class=\"coll-12 sctn-two \">\n<p>1944: La reprise<\/p>\n<p>Pendant la Seconde Guerre mondiale, les diamantaires juifs qui n\u2019ont pas r\u00e9ussi \u00e0 fuir \u00e0 temps sont d\u00e9port\u00e9s dans des camps de concentration. Sur les 1645 membres que comptait la Bourse du Diamant, il n\u2019en reste alors plus que 355 apr\u00e8s la guerre. C\u2019est pour cette raison que, chaque ann\u00e9e, la Shoah est comm\u00e9mor\u00e9e avec une minute de silence.<\/p>\n\n<p>1944: Fondation du Diamond Office<\/p>\n<p>Les gouvernements belge et britannique fondent le \"Diamond Office\" et encouragent les diamantaires juifs \u00e0 rentrer rapidement \u00e0 Anvers apr\u00e8s la fin de la Seconde Guerre mondiale.<\/p>\n<div class=\"space-bar1\"><\/div>\n<p>1960: Capitale du commerce et de la taille de diamant<\/p>\n<p>Jusqu'au d\u00e9but des ann\u00e9es 1970, la plupart des diamants bruts achet\u00e9s \u00e0 Anvers y \u00e9taient \u00e9galement taill\u00e9s. Une partie de la taille a depuis lors \u00e9t\u00e9 d\u00e9localis\u00e9e dans des pays dont les co\u00fbts de production sont moins \u00e9lev\u00e9s. Les pierres de grandes tailles ou difficiles \u00e0 tailler restent g\u00e9n\u00e9ralement \u00e0 Anvers.<\/p>\n<div class=\"space-bar1\"><\/div>\n<p>2002: Non aux diamants de conflits<\/p>\n<p>2002 voit l\u2019introduction du certificat de Kimberley qui permet de lutter contre le financement de diamants de conflits via le commerce ill\u00e9gitime. Le certificat de Kimberley est impl\u00e9ment\u00e9 en 2003.<\/p>\n<div class=\"space-bar1\"><\/div>\n<p>2014: Ann\u00e9e record pour le secteur du diamant anversois<\/p>\n<p>En 2014, le commerce de diamants \u00e0 Anvers enregistre un nouveau record. Plus de 227 millions de carats de pierres brutes et polies y sont \u00e9chang\u00e9s, totalisant un chiffre d\u2019affaire de 58 milliards de dollars.<\/p>\n<div class=\"space-bar1\">\n\n<\/div>\n<p style=\"text-align: left;\">Aujourd\u2019hui<\/p>\n<p>Quatre d\u00e9fis majeurs se pr\u00e9sentent aux producteurs de diamants : la reconstitution des r\u00e9serves, les d\u00e9fis environnementaux, une conscience sociale accrue et la pression croissante des co\u00fbts d'exploitation.<\/p>\n<div class=\"space-bar1\"><\/div>\n<p style=\"text-align: left;\">La reconstitution des r\u00e9serves<\/p>\n<p>Il y a encore quelques grands gisements de diamants sous-exploit\u00e9s, et aucune grande d\u00e9couverte n\u2019a \u00e9t\u00e9 faite au cours des deux derni\u00e8res d\u00e9cennies. En cons\u00e9quence, le co\u00fbt de recherche de nouveaux gisements \u00e9conomiquement viables est en hausse.<\/p>\n<div class=\"space-bar1\"><\/div>\n<p>Les d\u00e9fis environnementaux<\/p>\n<p>La sensibilisation du public aux questions environnementales a eu des r\u00e9percussions directes sur le secteur minier. Les producteurs sont sous pression et doivent utiliser efficacement l'\u00e9nergie et r\u00e9duire les \u00e9missions. Ils doivent \u00e9galement se concentrer sur la gestion des d\u00e9chets, augmenter le recyclage et contr\u00f4ler la consommation d'eau, t\u00e2che compliqu\u00e9e par le fait que les sites de production les plus importants sont situ\u00e9s dans des zones souffrant de p\u00e9nurie d'eau. De plus, l'impact de l'exploitation mini\u00e8re sur la biodiversit\u00e9 et les \u00e9cosyst\u00e8mes en g\u00e9n\u00e9ral est probl\u00e9matique.<\/p>\n<div class=\"space-bar1\"><\/div>\n<p>La conscience sociale<br \/>\nLes producteurs accordent une attention croissante aux communaut\u00e9s locales dans les zones de production, ce qui impacte directement et indirectement la production. Des programmes d'enrichissement sont destin\u00e9s \u00e0 soutenir le d\u00e9veloppement \u00e9conomique et \u00e0 stimuler l'emploi dans les pays producteurs de diamants, notamment par la mise en place de taille et de polissage au niveau local. Ce type d\u2019entreprise est initi\u00e9 en Afrique au cours de ces derni\u00e8res ann\u00e9es. Des n\u00e9gociations sont en cours pour d\u00e9velopper l\u2019industrie de la taille et du polissage en Russie sous la direction d\u2019ALROSA. Les impacts indirects sont perceptibles dans l'implication des producteurs au sein des communaut\u00e9s locales en dehors de leurs activit\u00e9s mini\u00e8res de base. Cette implication prend le plus souvent la forme de financements ou de d\u00e9veloppements de l'infrastructure sociale des zones mini\u00e8res.<\/p>\n<div class=\"space-bar1\"><\/div>\n<p>La pression croissante des co\u00fbts d'exploitation<\/p>\n<p>Comme l\u2019ensemble de l'industrie mini\u00e8re, les producteurs de diamants sont confront\u00e9s \u00e0 la hausse des co\u00fbts du travail et de l'\u00e9nergie, ainsi qu\u2019a des co\u00fbts d'exploitation plus \u00e9lev\u00e9s.<\/p>\n<p style=\"text-align: left;\">Face \u00e0 ces d\u00e9fis croissants qui ne sont pas l\u2019apanage de l'industrie du diamant, mais qui sont assez repr\u00e9sentatif de l'ensemble du secteur minier, les producteurs doivent faire face \u00e0 d'importants investissements dans les nouvelles technologies et l'efficacit\u00e9 op\u00e9rationnelle pour soutenir l'industrie de l'extraction de diamants \u00e0 moyen et long terme.<em>(Global diamond Report 2014)<\/em><\/p>\n<\/div>\n<div class=\"img-box\"><img loading=\"lazy\" decoding=\"async\" class=\"aligncenter wp-image-314\" src=\"https:\/\/gdparis.com\/wp-content\/uploads\/2016\/07\/The-geology-of-mining3-By-Andrew-Collins.jpg\" alt=\"The-geology-of-mining3-By-Andrew-Collins\" width=\"1280\" height=\"850\" \/><\/div>\n<\/div>\n<\/div>\n","protected":false},"excerpt":{"rendered":"<p>&nbsp; 3 milliards d\u2019ann\u00e9es av. J-C : Apparition du diamant Le diamant est l\u2019une des plus vieilles mati\u00e8res sur Terre : 1 \u00e0 3,5 milliards d\u2019ann\u00e9es. Notons que la Terre n\u2019est \u00e2g\u00e9e \u00ab\u00a0que\u00a0\u00bb de 4,5 milliards d\u2019ann\u00e9es. 100 millions d\u2019ann\u00e9es av. J-C: Explosions de la kimberlite Les diamants se sont form\u00e9s dans les entrailles de&#8230;  <a class=\"excerpt-read-more\" href=\"https:\/\/gdparis.com\/fr\/a-diamond-timeline\/\" title=\"Read Diamants au fil du temps\">Read more &raquo;<\/a><\/p>\n","protected":false},"author":3,"featured_media":0,"parent":0,"menu_order":0,"comment_status":"closed","ping_status":"closed","template":"","meta":{"footnotes":""},"_links":{"self":[{"href":"https:\/\/gdparis.com\/fr\/wp-json\/wp\/v2\/pages\/1344"}],"collection":[{"href":"https:\/\/gdparis.com\/fr\/wp-json\/wp\/v2\/pages"}],"about":[{"href":"https:\/\/gdparis.com\/fr\/wp-json\/wp\/v2\/types\/page"}],"author":[{"embeddable":true,"href":"https:\/\/gdparis.com\/fr\/wp-json\/wp\/v2\/users\/3"}],"replies":[{"embeddable":true,"href":"https:\/\/gdparis.com\/fr\/wp-json\/wp\/v2\/comments?post=1344"}],"version-history":[{"count":1,"href":"https:\/\/gdparis.com\/fr\/wp-json\/wp\/v2\/pages\/1344\/revisions"}],"predecessor-version":[{"id":4296,"href":"https:\/\/gdparis.com\/fr\/wp-json\/wp\/v2\/pages\/1344\/revisions\/4296"}],"wp:attachment":[{"href":"https:\/\/gdparis.com\/fr\/wp-json\/wp\/v2\/media?parent=1344"}],"curies":[{"name":"wp","href":"https:\/\/api.w.org\/{rel}","templated":true}]}}