{"id":1338,"date":"2016-05-31T12:41:19","date_gmt":"2016-05-31T10:41:19","guid":{"rendered":"https:\/\/gdparis.com\/fr\/?page_id=1338"},"modified":"2018-09-20T14:37:15","modified_gmt":"2018-09-20T12:37:15","slug":"les-diamants-iconiques-dans-lhistoire","status":"publish","type":"page","link":"https:\/\/gdparis.com\/fr\/les-diamants-iconiques-dans-lhistoire\/","title":{"rendered":"Les diamants iconiques dans l\u2019histoire"},"content":{"rendered":"<div class=\"inner-page-sctn everything\">\n<div class=\"inner-page famous-diamonds\">\n<div class=\"coll-12 sctn-two big-diamand\"><img loading=\"lazy\" decoding=\"async\" class=\"aligncenter wp-image-1111\" src=\"https:\/\/gdparis.com\/wp-content\/uploads\/2016\/07\/the-Cullinan-Diamond-uncut-replica-1024x680-1.jpg\" alt=\"the Cullinan Diamond uncut - replica\" width=\"1280\" height=\"850\" \/><\/p>\n<div class=\"space-bar\"><\/div>\n<p><h2>Le Koh-i-Noor: Montagne de Lumi\u00e8re<\/h2>\n<\/p>\n<p>Koh-i-Noor, \u201cMontagne de Lumi\u00e8re\u201d en Persan, est le plus ancien et le plus c\u00e9l\u00e8bre de tous les diamants. En possession des Rajahs de Malwa depuis 1304, il tombe dans les mains des Empereurs Moghols lorsque le sultan Babur envahit l'Inde deux si\u00e8cles plus tard.<\/p>\n<p>Le 5\u00e8me Empereur Moghol d\u2019Inde, Shah Jahan, fait sertir le Koh-i-Noor dans le Tr\u00f4ne du Paon. Nadir Shah, Shah d'Iran et fondateur de la dynastie Afsharid, envahit l\u2019Hindoustan en 1728, et transporte ce tr\u00f4ne en Perse. Il est assassin\u00e9 le 19 juin 1747 par Fathabad dans Khorasan. Dans la confusion de sa mort, le Tr\u00f4ne du Paon est d\u00e9mantel\u00e9 et dispara\u00eet avec ses tr\u00e9sors. Ni le Tr\u00f4ne du Paon ni ses diamants, dont le Koh-i-Noor, n\u2019ont \u00e9t\u00e9 retrouv\u00e9s depuis.<\/p>\n<div class=\"space-bar\"><\/div>\n<div class=\"img-box\"><img loading=\"lazy\" decoding=\"async\" class=\"aligncenter wp-image-348\" src=\"https:\/\/gdparis.com\/wp-content\/uploads\/2015\/12\/Kohinoor-Queen-Alexandra-2-1024x512.jpg\" alt=\"Kohinoor---Queen-Alexandra-2\" width=\"1280\" height=\"640\" srcset=\"https:\/\/gdparis.com\/wp-content\/uploads\/2015\/12\/Kohinoor-Queen-Alexandra-2.jpg 1024w, https:\/\/gdparis.com\/wp-content\/uploads\/2015\/12\/Kohinoor-Queen-Alexandra-2-300x150.jpg 300w, https:\/\/gdparis.com\/wp-content\/uploads\/2015\/12\/Kohinoor-Queen-Alexandra-2-768x384.jpg 768w, https:\/\/gdparis.com\/wp-content\/uploads\/2015\/12\/Kohinoor-Queen-Alexandra-2-700x350.jpg 700w\" sizes=\"(max-width: 1280px) 100vw, 1280px\" \/><\/div>\n<\/div>\n<div class=\"coll-12 \">\n<div class=\"coll-6 left-block text-closer\">\n<div class=\"img-box\"><img loading=\"lazy\" decoding=\"async\" class=\"alignleft wp-image-367 size-journal-summary-square\" src=\"https:\/\/gdparis.com\/wp-content\/uploads\/2015\/10\/The-blue-hope_diamond-430x435.jpg\" alt=\"The-blue-hope_diamond\" width=\"430\" height=\"435\" \/><\/div>\n<\/div>\n<div class=\"coll-6 right-block \">\n<p style=\"text-align: left;\">\n<h2>Le Blue Hope<\/h2>\n<\/p>\n<p>Beaucoup d'histoires ont circul\u00e9 \u00e0 propos de ce diamant. La l\u00e9gende veut qu\u2019il ait \u00e9t\u00e9 d\u00e9rob\u00e9 \u00e0 la statue de la d\u00e9esse hindoue Sita. Offens\u00e9e par ce sacril\u00e8ge, la D\u00e9esse maudit la pierre et condamna ses futurs propri\u00e9taires au malheur perp\u00e9tuel et \u00e0 une mort atroce.<\/p>\n<p>La provenance exacte du diamant bleu est en fait inconnue, m\u00eame si l\u2019on pense qu\u2019il fut probablement achet\u00e9 par Tavernier en 1653 \u00e0 la mine Kollur dans le district de Guntur, dans l\u2019Andhra Pradesh. Nous savons, d'apr\u00e8s les notes et croquis de Tavernier qu\u2019il \u00e9tait de forme triangulaire et pesait environ 115 carats.<\/p>\n<p>Son premier nom \u00e9tait Le Tavernier Bleu. Vendu \u00e0 Louis XIV en 1678, il fut retaill\u00e9 en un diamant de 67,125 carats. Il a ensuite \u00e9t\u00e9 nomm\u00e9 Le Diamant Bleu de la Couronne de France avant de devenir le Bleu Fran\u00e7ais, et d\u2019\u00eatre mont\u00e9 en \u00e9pingle de cravate. Louis XV le fit monter en pendentif sur l'Ordre de la Toison d'Or.<\/p>\n<p>En septembre 1792, l'entrep\u00f4t royal ayant \u00e9t\u00e9 pill\u00e9, la plupart des joyaux de la Couronne ont disparu. Si beaucoup r\u00e9apparurent, y compris l'Ordre de la Toison d'Or, le Bleu Fran\u00e7ais n'a \u00e9t\u00e9 retrouv\u00e9 que plusieurs ann\u00e9es plus tard. On croit que le roi d\u2019Angleterre, George IV, l\u2019a eu en sa possession avant sa r\u00e9apparition en 1939 dans une publication de la collection de bijoux de Henry Philip Hope. Le diamant, devenu le Blue Hope, resta dans la famille Hope jusqu'en 1902. Le diamant Hope passa alors de main en main avant d\u2019\u00eatre finalement achet\u00e9 par Harry Winston qui en fit don, quelques ann\u00e9es plus tard, au Smithsonian Institut.<\/p>\n<\/div>\n<\/div>\n<div class=\"coll-12 sctn-two text-closer\">\n<h2>Le R\u00e9gentLa<\/h2>\n<p>Le R\u00e9gentLa l\u00e9gende raconte que le R\u00e9gent fut d\u00e9couvert par un esclave dans les mines Parteal le long de la rivi\u00e8re Kistna vers 1701. Il vola la pierre en la dissimulant dans les bandages couvrant une blessure qu\u2019il s\u2019\u00e9tait auto-inflig\u00e9e \u00e0 la jambe. Fuyant la c\u00f4te, il r\u00e9v\u00e9la son secret \u00e0 un capitaine de la marine anglaise et lui proposa de partager la valeur de la pierre en \u00e9change du passage. Toutefois, voguant vers Bombay, le capitaine assassina l\u2019esclave et vendit le diamant 5 000$ \u00e0 un marchand indien du nom de Jamchund. L'argent d\u00e9pens\u00e9 rapidement, le capitaine se pendit un jour de d\u00e9lire, rempli de remords.<\/p>\n<p>Cette histoire n\u2019est pas av\u00e9r\u00e9e. Ce qui est s\u00fbr c\u2019est qu\u2019en 1702, Thomas Pitt, gouverneur du Fort St George \u00e0 Madras, et anc\u00eatre du William Pitt qui s\u2019illustra lors de la Guerre d\u2019Ind\u00e9pendance Am\u00e9ricaine, acheta le diamant \u00e0 un marchand indien pour un prix tr\u00e8s \u00e9lev\u00e9. Il prit alors le nom de diamant Pitt, d\u2019apr\u00e8s le nom de son propri\u00e9taire. Le diamant brut de 426 carats, fut alors envoy\u00e9 en Angleterre pour y \u00eatre taill\u00e9. Le processus prit environ deux ans, et c\u2019est une taille Coussin de 141 carats qui a \u00e9t\u00e9 choisie, plusieurs des pierres secondaires ayant \u00e9t\u00e9 vendues au Tsar Pierre le Grand. C\u2019\u00e9tait le plus gros diamant connu en Europe. Il est encore consid\u00e9r\u00e9 par beaucoup comme l'un des plus beaux diamants de par sa couleur et son \u00e9clat.<\/p>\n<\/div>\n<div class=\"coll-12\">\n<div class=\"coll-6 left-block text-closer\">\n<div class=\"img-box text-closer\"><img loading=\"lazy\" decoding=\"async\" class=\"size-journal-summary-wide wp-image-371 alignleft\" src=\"https:\/\/gdparis.com\/wp-content\/uploads\/2015\/10\/Regent-diamond-Le-Regent-Diamond-Credit-Musee-du-Louvre-4-430x340.jpg\" alt=\"Regent-diamond-Le-Regent-Diamond--Credit-Musee-du-Louvre-4\" width=\"430\" height=\"340\" \/><\/div>\n<\/div>\n<div class=\"space-bar\"><\/div>\n<div class=\"coll-6 right-block text-closer\">Philippe II, Duc d'Orl\u00e9ans, alors R\u00e9gent de France, acheta le diamant pour environ 650 000 $ le 6 juin 1717. Le diamant Pitt est ainsi devenu Le R\u00e9gent. Il fut port\u00e9 par le roi Louis XV \u00e0 de nombreuses reprises, notamment pour son sacre, le 25 octobre 1722. Apr\u00e8s son mariage avec Maria Leczinska en 1725, il porta le R\u00e9gent sur son chapeau.Au d\u00e9but de la R\u00e9volution, plus pr\u00e9cis\u00e9ment le 17 septembre 1792, les Joyaux de la Couronne fran\u00e7aise furent d\u00e9rob\u00e9s lors du vol de l'entrep\u00f4t royal. Le R\u00e9gent fut r\u00e9cup\u00e9r\u00e9 un an plus tard dans une mansarde parisienne, dans le trou d\u2019une poutre.<\/p>\n<p>Pendant le Directoire le R\u00e9gent f\u00fbt souvent utilis\u00e9 pour garantir des transactions financi\u00e8res. Il fut, dans ce cadre, donn\u00e9 en gage \u00e0 un Hollandais nomm\u00e9 Valenberghem. Ce dernier s\u2019afficha avec le diamant lors de plusieurs r\u00e9ceptions ; il admit par la suite, apr\u00e8s le retour du R\u00e9gent \u00e0 la France, qu\u2019il arborait une r\u00e9plique, l\u2019original n\u2019ayant jamais quitt\u00e9 le cou de sa femme, cach\u00e9 sous son corsage.<\/p>\n<\/div>\n<\/div>\n<div class=\"coll-12\">\n<div class=\"coll-6 right-block pull-right text-closer\">\n<div class=\"img-box\"><img loading=\"lazy\" decoding=\"async\" class=\"size-journal-summary-wide wp-image-370 alignright\" src=\"https:\/\/gdparis.com\/wp-content\/uploads\/2015\/10\/Regent-diamond-Le-Regent-Diamant-Credit-Musee-du-Louvre-5-430x340.jpg\" alt=\"Regent-diamond-Le-Regent-Diamant--Credit-Musee-du-Louvre-5\" width=\"430\" height=\"340\" \/><\/div>\n<\/div>\n<div class=\"space-bar\">\n\n\n<\/div>\n<div class=\"coll-6 left-block\">Le R\u00e9gent fut rachet\u00e9 d\u00e9finitivement par Napol\u00e9on Bonaparte en 1801. L\u2019orf\u00e8vre Nitot, fondateur de la Maison Chaumet a \u00e9t\u00e9 charg\u00e9 de monter le R\u00e9gent sur le pommeau de l'\u00e9p\u00e9e \u00e0 double tranchant de l'Empereur. Durant les r\u00e9gimes suivants le R\u00e9gent a \u00e9t\u00e9 successivement mont\u00e9 sur les couronnes de Louis XVIII, Charles X, Napol\u00e9on III, et, pour finir, sur le diad\u00e8me grec de l'Imp\u00e9ratrice Eug\u00e9nie. En 1883, la plupart des joyaux de la Couronne Fran\u00e7aise furent vendus aux ench\u00e8res, le R\u00e9gent et quelques autres \u00e9tant conserv\u00e9s.Quand Paris fut envahi en 1940, le diamant fut envoy\u00e9 au Ch\u00e2teau de Chambord pour y \u00eatre conserv\u00e9 jusqu'\u00e0 la fin de la guerre. Le R\u00e9gent retourna \u00e0 Paris pour \u00eatre expos\u00e9 au mus\u00e9e du Louvre o\u00f9 il se trouve encore aujourd'hui.<\/p>\n<\/div>\n<\/div>\n<div class=\"coll-12\">\n<div class=\"coll-6 left-block text-closer\">\n<div class=\"img-box\"><img loading=\"lazy\" decoding=\"async\" class=\"alignleft wp-image-339\" src=\"https:\/\/gdparis.com\/wp-content\/uploads\/2015\/12\/Dresden-Greeen-Diamond-650x1024.jpg\" alt=\"Dresden-Greeen-Diamond\" width=\"500\" height=\"787\" srcset=\"https:\/\/gdparis.com\/wp-content\/uploads\/2015\/12\/Dresden-Greeen-Diamond-650x1024.jpg 650w, https:\/\/gdparis.com\/wp-content\/uploads\/2015\/12\/Dresden-Greeen-Diamond-191x300.jpg 191w, https:\/\/gdparis.com\/wp-content\/uploads\/2015\/12\/Dresden-Greeen-Diamond-700x1102.jpg 700w, https:\/\/gdparis.com\/wp-content\/uploads\/2015\/12\/Dresden-Greeen-Diamond.jpg 736w\" sizes=\"(max-width: 500px) 100vw, 500px\" \/><\/div>\n<\/div>\n<div class=\"space-bar\">\n\n\n\n\n<\/div>\n<div class=\"coll-6 right-block\">\n<h2>Le Vert de Dresde<\/h2>\n<p>Le Post Boy, 25-27 octobre 1722, Londres : \u201cMardi dernier, dans l'apr\u00e8s-midi, un certain M. Marcus Moses, r\u00e9cemment arriv\u00e9 d\u2019Inde, a eu l'honneur d\u2019\u00eatre pr\u00e9sent\u00e9 \u00e0 Sa Majest\u00e9 [le roi George I] avec son gros diamant d'une couleur vert \u00e9meraude. Il est rest\u00e9 pr\u00e8s d\u2019une heure avec sa Majest\u00e9. Nul n'en avait jamais vu de pareil en Europe, si pur et exempt de tout d\u00e9faut ; Il a \u00e9galement pr\u00e9sent\u00e9 ce gros diamant \u00e0 leurs Altesses Royales, surprises de voir une pierre d\u2019une telle taille et d'une telle couleur \u00e9meraude\u2026 Ce gentleman l\u2019estime \u00e0 \u00a310 000\u201d.<\/p>\n<p>Fr\u00e9d\u00e9ric-Auguste II de Saxe (1733-1763) fut le premier propri\u00e9taire royal du diamant apr\u00e8s l\u2019avoir achet\u00e9 \u00e0 un marchand hollandais du nom de Delles, \u00e0 la Foire de Leipzig en 1741. Le Vert de Dresde tire donc son nom de la capitale de la Saxe qui l\u2019a accueilli pendant plus de 200 ans. L\u2019Orf\u00e8vre Pallard, de Vienne, con\u00e7ut une Toison d'Or pour le roi Fr\u00e9d\u00e9ric-Auguste II \u00e0 la fois avec le Vert de Dresde et le Dresde Blanc, un diamant de taille Coussin de 49,71 carats.<\/p>\n<p>Comme tous les bijoux royaux, la Toison d'Or fut conserv\u00e9e dans la Vo\u00fbte Verte, un ensemble d\u2019appartements du Ch\u00e2teau de Dresde utilis\u00e9 pour l\u2019exposition de la collection de bijoux et d\u2019autres tr\u00e9sors. En 1768, le Vert de Dresde a \u00e9t\u00e9 mont\u00e9 en boucle de chapeau avec deux autres diamants blancs de plus grande taille, par Diessbach. Le Vert de Dresde est encore expos\u00e9 \u00e0 ce jour au public dans la Vo\u00fbte Verte, \u00e0 Dresde.<\/p>\n<\/div>\n<\/div>\n<div class=\"coll-12 \">\n<div class=\"coll-6 right-block pull-right text-closer\">\n<div class=\"img-box\"><img loading=\"lazy\" decoding=\"async\" class=\"alignright size-portrait-alt wp-image-1126\" src=\"https:\/\/gdparis.com\/wp-content\/uploads\/2016\/05\/Orlov-Diamond--400x600.jpg\" alt=\"Orlov Diamond\" width=\"400\" height=\"600\" \/><\/div>\n<\/div>\n<div class=\"space-bar\"><\/div>\n<div class=\"coll-6 left-block \">\n<h2>L\u2019OrlovLe diamant<\/h2>\n<p>Orlov est consid\u00e9r\u00e9 par beaucoup comme le plus remarquable des tr\u00e9sors d\u00e9tenus par le Fond des Diamants du Kremlin, \u00e0 Moscou. Ce diamant est souvent d\u00e9crit comme ayant la forme et les proportions de la moiti\u00e9 d'un \u0153uf de poule. L'histoire de ce diamant de 189,62 carats est assez myst\u00e9rieuse et ses origines se perdent dans la nuit des temps.<\/p>\n<p>Beaucoup d\u2019histoires circulent concernant la provenance de l'Orlov, la plus fr\u00e9quente \u00e9tant probablement la suivante : un d\u00e9serteur fran\u00e7ais avait entendu parler d'un diamant incroyable repr\u00e9sentant l'\u0153il de la statue de la divinit\u00e9 du Temple de Sri Ranganathaswami de Srirangam. Pour pouvoir approcher la statue dans le temple o\u00f9 aucun Chr\u00e9tien n\u2019\u00e9tait autoris\u00e9 \u00e0 p\u00e9n\u00e9trer, le d\u00e9serteur se convertit et d\u00e9guisa ses intentions pendant de nombreuses ann\u00e9es. Apr\u00e8s \u00eatre finalement pass\u00e9 \u00e0 l\u2019action et avoir vol\u00e9 le diamant, il prit la fuite pour Madras et trouva refuge aupr\u00e8s de l'arm\u00e9e britannique, avant de vendre le diamant. La pierre fut apparemment envoy\u00e9e \u00e0 Amsterdam par un marchand arm\u00e9nien d\u00e9nomm\u00e9 Shaffrass, qui avait rencontr\u00e9 le comte Grigori Grigorievich Orlov durant un voyage en Russie.<\/p>\n<p>Le comte cherchait depuis longtemps \u00e0 regagner l'affection de la Tsarine Catherine. Il savait qu'elle d\u00e9sirait le diamant. Apr\u00e8s que la tentative de relance de leur romance pass\u00e9e e\u00fbt \u00e9chou\u00e9, l'Imp\u00e9ratrice accepta finalement le diamant et le baptisa Orlov en l\u2019honneur du Comte. Son bijoutier, Troitinski con\u00e7ut le sceptre imp\u00e9rial sp\u00e9cialement pour pouvoir accueillir l\u2019Orlov.<\/p>\n<p>On a souvent dit que l\u2019Orlov ressemblait fortement au Grand Mogol, tous deux ayant une taille Rose et une tonalit\u00e9 bleut\u00e9e. Le Grand Moghol a \u00e9t\u00e9 d\u00e9couvert dans les mines Kollur, pr\u00e8s de Golconde, au milieu du dix-septi\u00e8me si\u00e8cle. Il doit son nom \u00e0 Shah Jehan, 5\u00e8me Empereur Moghol d\u2019Inde, celui m\u00eame qui avait fait monter le Koh-i-Noor dans le Tr\u00f4ne du Paon. Jean Baptiste Tavernier, \u00e0 qui on montra le diamant, le d\u00e9crivit comme ayant la forme d\u2019un demi-\u0153uf, et nota un d\u00e9faut sur le bord (l'Orlov a un d\u00e9faut de surface). La possibilit\u00e9 que l\u2019Orlov soit le Grand Moghol demeure pure sp\u00e9culation.<\/p>\n<\/div>\n<\/div>\n<div class=\"coll-12 sctn-two text-closer\">\n<h2>L'Excelsior<\/h2>\n<p>L\u2019Excelsior fut d\u00e9couvert \u00e0 la mine Jagersfontein le 30 Juin 1893 par un travailleur africain qui soustrait le diamant de 970 carats \u00e0 la vigilance de son surveillant pour l\u2019amener directement au directeur de la mine. En r\u00e9compense, il re\u00e7ut un cheval \u00e9quip\u00e9 de sa selle et de sa bride, ainsi qu\u2019une somme de \u00a3500. Rivalisant par la taille avec le Grand Moghol, disparu longtemps auparavant, sa d\u00e9couverte ne fut pas tr\u00e8s m\u00e9diatis\u00e9e, sans doute parce que ses fragments, une fois qu'il e\u00fbt \u00e9t\u00e9 d\u00e9coup\u00e9, n\u2019\u00e9taient pas de taille m\u00e9morable.<\/p>\n<p>L'Excelsior a h\u00e9rit\u00e9 de la rare teinte bleu-blanc de la mine Jagersfontein. Comme cette mine a donn\u00e9 de tr\u00e8s nombreux diamants bleu-blanc, cette couleur particuli\u00e8re se nomme d\u00e9sormais \"Jager\". Si l\u2019on a cru au d\u00e9but que la couleur Jager \u00e9tait la plus belle des Blancs, d\u00e9passant m\u00eame la couleur \"Rivi\u00e8re \", on se rendit compte rapidement que la l\u00e9g\u00e8re teinte bleut\u00e9e n\u2019\u00e9tait pas due \u00e0 la couleur r\u00e9elle du diamant mais \u00e0 la fluorescence, une concentration de rayons ultra-violets dans la lumi\u00e8re naturelle.<\/p>\n<p>L'Excelsior fut taill\u00e9 par les Fr\u00e8res Asscher en 1902. Le plus grand des fragments du diamant brut, une Taille Marquise de 69,80 carats, fut nomm\u00e9 l'Excelsior I. Le diamant resta en possession d'une famille am\u00e9ricaine anonyme, jusqu'\u00e0 son rachat pour un temps en 1989 par Graff. C\u2019est, depuis 1996, la propri\u00e9t\u00e9 du c\u00e9l\u00e8bre joaillier Robert Mouawad.<\/p>\n<\/div>\n<div class=\"coll-12 sctn-two\">\n<div class=\"img-box \"><img loading=\"lazy\" decoding=\"async\" class=\"aligncenter wp-image-341 size-full\" src=\"https:\/\/gdparis.com\/wp-content\/uploads\/2016\/07\/Excelsiod-diamond-center-The-Smithsonian.jpg\" alt=\"Excelsiod-diamond-(center)-The-Smithsonian\" width=\"1536\" height=\"1024\" \/><\/div>\n<\/div>\n<div class=\"coll-12 sctn-two text-closer\">\n<h2>Le CullinanAvec<\/h2>\n<p>Le CullinanAvec 3106,75 carats soit 621,35 g, le Cullinan est le plus gros diamant brut jamais trouv\u00e9. Il f\u00fbt d\u00e9couvert le 26 janvier 1905 par Frederick Wells \u00e0 la Premier Diamond Mining Company \u00e0 Cullinan, en Afrique du Sud. Le Gouvernement du Transvaal l\u2019acquit et le pr\u00e9senta au Roi \u00c9douard VII pour son anniversaire. Le Roi confia le diamant aux Fr\u00e8res Asscher, \u00e0 Amsterdam pour \u00eatre poli. Plusieurs mois d'observation furent n\u00e9cessaires avant qu\u2019une d\u00e9cision ne soit enfin prise.<\/p>\n<\/div>\n<div class=\"coll-12\">\n<div class=\"coll-6 left-block text-closer\">\n<div class=\"img-box\"><img loading=\"lazy\" decoding=\"async\" class=\"size-journal-summary-wide wp-image-332 alignleft\" src=\"https:\/\/gdparis.com\/wp-content\/uploads\/2015\/12\/the-Cullinan-Diamond-uncut-discovery-Kimberley-430x340.jpg\" alt=\"the-Cullinan-Diamond-uncut-discovery-Kimberley\" width=\"430\" height=\"340\" \/><\/div>\n<\/div>\n<div class=\"space-bar\">\n\n\n\n\n<\/div>\n<div class=\"coll-6 right-block text-closer\">Il est dit qu\u2019au premier coup de marteau, la lame \u00e9clata, laissant la pierre intacte.Le Cullinan fut divis\u00e9 \u00e0 la seconde tentative, jusqu\u2019\u00e0 en obtenir neuf gros diamants et 96 diamants de taille plus petite.<\/p>\n<\/div>\n<\/div>\n<div class=\"coll-12 \">\n<div class=\"coll-6 right-block pull-right text-closer\">\n<div class=\"img-box\"><img loading=\"lazy\" decoding=\"async\" class=\"size-portrait-alt wp-image-333 alignright\" src=\"https:\/\/gdparis.com\/wp-content\/uploads\/2015\/12\/The-Cullinan-diamond-400x600.jpg\" alt=\"The-Cullinan-diamond\" width=\"400\" height=\"600\" \/><\/div>\n<\/div>\n<div class=\"space-bar\">\n\n\n\n\n<\/div>\n<div class=\"coll-6 left-block\">Le roi Edward VII re\u00e7ut les deux plus grosses pierres. Le premier, une taille Poire de 530,20 carats connu comme le Cullinan I ou Star of Africa, fut ench\u00e2ss\u00e9 dans le sceptre royal britannique et est conserv\u00e9 aujourd\u2019hui dans la Tour de Londres.Le second, nomm\u00e9 Cullinan II, en forme de Coussin de 317,40 carats orne la Couronne Imp\u00e9riale de Grande-Bretagne.<\/p>\n<p>En outre, le roi acheta la sixi\u00e8me pierre de 11,5 carats, une \u201cpuce\u201d, pour la reine Alexandra.<\/p>\n<p>Les autres grandes pierres furent finalement achet\u00e9es par les fr\u00e8res Asscher et pr\u00e9sent\u00e9es \u00e0 la Reine Mary en 1910.<\/p>\n<p>Le Cullinan III, une Poire de 94.40 carats, et le Cullinan IV, un Coussin 63,60 carats furent mont\u00e9s ensemble en broche. Le Cullinan V est une Poire triangulaire pesant 18.80 carats. Il fut \u00e0 l'origine mont\u00e9 en broche pour la Reine Mary, et rempla\u00e7a plus tard le Koh-i-Noor dans sa couronne. Le Cullinan VII est une Marquise 8,80 carats. Il fut mont\u00e9 en pendentif sur une petite broche de diamant accueillant le Cullinan VIII, un coussin 6,80 carats. Le Cullinan IX, une Poire de 4,39 carats, a \u00e9t\u00e9 mont\u00e9 en bague.<\/p>\n<\/div>\n<\/div>\n<div class=\"coll-12 sctn-two\">\n<h2>La promesse du Lesotho<\/h2>\n<p>\u201cLesotho Promise\u201d a \u00e9t\u00e9 d\u00e9couverte le 22 ao\u00fbt 2006 dans la mine Letseng au Lesotho. Le 15\u00e8me plus gros diamant blanc jamais trouv\u00e9 a \u00e9t\u00e9 vendu \u00e0 Anvers pour 12,36 millions de dollars. Il y a ensuite \u00e9t\u00e9 d\u00e9coup\u00e9 en 26 pierres, serties dans un collier appartenant au bijoutier londonien Graff. La valeur de ce joyau est estim\u00e9e \u00e0 50 millions de dollars<\/p>\n<div class=\"space-bar\"><\/div>\n<div class=\"img-box\"><img loading=\"lazy\" decoding=\"async\" class=\"aligncenter wp-image-354 size-home-slider\" src=\"https:\/\/gdparis.com\/wp-content\/uploads\/2016\/07\/Lesotho-Promise-by-Reuters_Francois-Lenoir-1400x1488.jpg\" alt=\"Lesotho-Promise-by-Reuters_Francois-Lenoir\" width=\"1400\" height=\"1488\" \/><\/div>\n<\/div>\n<\/div>\n<\/div>\n","protected":false},"excerpt":{"rendered":"<p>Le Koh-i-Noor: Montagne de Lumi\u00e8re Koh-i-Noor, \u201cMontagne de Lumi\u00e8re\u201d en Persan, est le plus ancien et le plus c\u00e9l\u00e8bre de tous les diamants. En possession des Rajahs de Malwa depuis 1304, il tombe dans les mains des Empereurs Moghols lorsque le sultan Babur envahit l&rsquo;Inde deux si\u00e8cles plus tard. Le 5\u00e8me Empereur Moghol d\u2019Inde, Shah&#8230;  <a class=\"excerpt-read-more\" href=\"https:\/\/gdparis.com\/fr\/les-diamants-iconiques-dans-lhistoire\/\" title=\"Read Les diamants iconiques dans l\u2019histoire\">Read more &raquo;<\/a><\/p>\n","protected":false},"author":3,"featured_media":0,"parent":0,"menu_order":0,"comment_status":"closed","ping_status":"closed","template":"","meta":{"footnotes":""},"_links":{"self":[{"href":"https:\/\/gdparis.com\/fr\/wp-json\/wp\/v2\/pages\/1338"}],"collection":[{"href":"https:\/\/gdparis.com\/fr\/wp-json\/wp\/v2\/pages"}],"about":[{"href":"https:\/\/gdparis.com\/fr\/wp-json\/wp\/v2\/types\/page"}],"author":[{"embeddable":true,"href":"https:\/\/gdparis.com\/fr\/wp-json\/wp\/v2\/users\/3"}],"replies":[{"embeddable":true,"href":"https:\/\/gdparis.com\/fr\/wp-json\/wp\/v2\/comments?post=1338"}],"version-history":[{"count":1,"href":"https:\/\/gdparis.com\/fr\/wp-json\/wp\/v2\/pages\/1338\/revisions"}],"predecessor-version":[{"id":4304,"href":"https:\/\/gdparis.com\/fr\/wp-json\/wp\/v2\/pages\/1338\/revisions\/4304"}],"wp:attachment":[{"href":"https:\/\/gdparis.com\/fr\/wp-json\/wp\/v2\/media?parent=1338"}],"curies":[{"name":"wp","href":"https:\/\/api.w.org\/{rel}","templated":true}]}}