{"id":1328,"date":"2016-05-31T12:02:36","date_gmt":"2016-05-31T10:02:36","guid":{"rendered":"https:\/\/gdparis.com\/fr\/?page_id=1328"},"modified":"2018-09-20T14:37:15","modified_gmt":"2018-09-20T12:37:15","slug":"les-legendes-de-diamants","status":"publish","type":"page","link":"https:\/\/gdparis.com\/fr\/les-legendes-de-diamants\/","title":{"rendered":"Les legendes de diamants"},"content":{"rendered":"<div class=\"inner-page-sctn everything diamond-block\">\n<div class=\"coll-12 sctn-two\"><img loading=\"lazy\" decoding=\"async\" class=\"aligncenter size-full wp-image-1160\" src=\"https:\/\/gdparis.com\/wp-content\/uploads\/2016\/07\/GD_11_1200-1.jpg\" alt=\"GD_11_1200\" width=\"1265\" height=\"950\" \/><\/div>\n<div class=\"coll-12\">\n<div class=\"coll-6 left-block text-block text-closer\">\n<p>Les Fr\u00e8res De Beer<br \/>\nC\u2019est l\u2019histoire de 2 simples fermiers dont tout le monde conna\u00eet le nom. Johannes Nicolaas et Diederik Arnoldus De Beer. Lorsqu\u2019en 1865, les deux fr\u00e8res ach\u00e8tent la ferme \u201cVooruitzicht\u201d en Afrique du Sud, ils sont loin de se douter que quelques ann\u00e9es plus tard, un diamant y serait d\u00e9couvert. Les faits se produisent en 1871 et le diamant brut ne fait pas moins de 83,5 carats.<\/p>\n<p>Les fr\u00e8res revendent leur terrain pour 6,8 millions de livres britanniques. Une somme importante, relative par rapport aux dizaines de millions de livres de diamants qui ensuite \u00e9t\u00e9 extraits de la mine De Beers, commenc\u00e9e dans leur cour.<\/p>\n<\/div>\n<div class=\"coll-6 right-block\"><img loading=\"lazy\" decoding=\"async\" class=\"alignright wp-image-380 size-journal-summary-square\" src=\"https:\/\/gdparis.com\/wp-content\/uploads\/2015\/12\/Johannes-Nicolaas-De-Beer-430x435.jpg\" alt=\"Johannes-Nicolaas-De-Beer\" width=\"430\" height=\"435\" \/><\/div>\n<\/div>\n<div class=\"coll-12\">\n<div class=\"coll-6 right-block text-block2 pull-right text-closer\">\n<p>Roi Louis XVI<br \/>\nEn 1787, une grande partie des diamants des joyaux de la couronne fran\u00e7aise a \u00e9t\u00e9 r\u00e9aff\u00fbt\u00e9 \u00e0 la Chartreuse d'Anvers, l'occasion de transformer le polissage du diamant.<\/p>\n<p>Le roi Louis XVI avait ordonn\u00e9 de retailler en taille brillant les pierres de taille rose afin de leur donner plus d\u2019\u00e9clat (et de pouvoir les revendre plus cher). Cependant, en 1789, la R\u00e9volution fran\u00e7aise \u00e9clate. Le roi est assassin\u00e9 et la plupart de ses diamants disparaissent sans laisser de trace.<\/p>\n<\/div>\n<div class=\"coll-6 left-block \"><img loading=\"lazy\" decoding=\"async\" class=\"size-journal-summary-wide wp-image-347 alignleft\" src=\"https:\/\/gdparis.com\/wp-content\/uploads\/2015\/12\/King-Louis-IV-430x340.jpg\" alt=\"King-Louis-IV\" width=\"430\" height=\"340\" \/><\/div>\n<\/div>\n<div class=\"coll-12\">\n<div class=\"coll-6 left-block text-block text-closer\">\nMarquise de PompadourLa<br \/>\nMarquise de PompadourLa taille marquise doit son nom \u00e0 la Marquise de Pompadour. Son amant, Louis XIV, le Roi Soleil, voulait imprimer \u00e0 jamais la forme de sa bouche sur un diamant.<\/p>\n<\/div>\n<div class=\"coll-6 right-block \"><img loading=\"lazy\" decoding=\"async\" class=\"alignright size-journal-summary-wide wp-image-381\" src=\"https:\/\/gdparis.com\/wp-content\/uploads\/2015\/10\/Madame_de_Pompadour-by-Francois-Boucher2-430x340.jpg\" alt=\"Madame_de_Pompadour---by-Francois-Boucher\" width=\"430\" height=\"340\" \/><\/div>\n<\/div>\n<div class=\"coll-12\">\n<div class=\"coll-6 right-block text-block2 pull-right text-closer\">\n<p>Le tout Hollywood<br \/>\nAnvers est LE fournisseur de diamants du monde entier. C\u2019est donc \u00e9galement celui des c\u00e9l\u00e9brit\u00e9s. Elizabeth Taylor, par exemple, poss\u00e9dait une collection impressionnante de bijoux, qu\u2019elle devait \u00e0 Richard Burton. Celle-ci incluait entre autres le \u201cTaylor-Burton\u201d (69,42 carats) et le diamant Krupp (33,19 carats). Les diamants s\u2019invitent aussi r\u00e9guli\u00e8rement sur les tapis rouges. Un ph\u00e9nom\u00e8ne qui ne date pas d\u2019aujourd\u2019hui. Marilyn Monroe portait le \u201cMoon of Baroda\u201d, un diamant jaune canari de pr\u00e8s de 25 carats, lors de la premi\u00e8re du film \u201cLes hommes pr\u00e9f\u00e8rent les blondes\u201d (Gentlemen Prefer Blondes) en 1953. Lors d\u2019une c\u00e9r\u00e9monie de remise des Oscars, Sarah Jessica Parker arborait, elle, un bracelet en titane et diamants, cr\u00e9\u00e9 par le c\u00e9l\u00e8bre joaillier anversois Francis Mertens. Ces derni\u00e8res ann\u00e9es, les diamants ont \u00e9galement s\u00e9duit des c\u00e9l\u00e9brit\u00e9s telles que Rihanna, Beyonce ou Kim Kardashian.<\/p>\n<\/div>\n<div class=\"coll-6 left-block\"><img loading=\"lazy\" decoding=\"async\" class=\"alignleft size-journal-summary-wide wp-image-359\" src=\"https:\/\/gdparis.com\/wp-content\/uploads\/2015\/12\/Marilyn-Monroe-2-430x340.jpg\" alt=\"Marilyn-Monroe-2\" width=\"430\" height=\"340\" \/><\/div>\n<\/div>\n<div class=\"coll-12\">\n<div class=\"coll-6 left-block text-block text-closer\">\n<p>Le Brillant Delvaux<br \/>\nDelvaux, la plus ancienne maison de belle maroquinerie de luxe au monde, a cr\u00e9\u00e9 \u201cLe Brillant\u201d \u00e0 l'occasion de l\u2019Exposition universelle de 1958. Pour c\u00e9l\u00e9brer le 40\u00e8me anniversaire de ce sac embl\u00e9matique, imagin\u00e9 par Paule Goethals, une \u00e9dition sp\u00e9ciale limit\u00e9e \u00e0 40 exemplaires a \u00e9t\u00e9 lanc\u00e9e en 1998 : un \u201cBrillant\u201d sur lequel \u00e9tait incrust\u00e9\u2026 un brillant. Cuir, diamant, haute joaillerie et haute maroquinerie ont ainsi \u00e9t\u00e9 r\u00e9unis.<\/p>\n<\/div>\n<div class=\"coll-6 right-block \"><img loading=\"lazy\" decoding=\"async\" class=\"alignright size-journal-summary-wide wp-image-1150\" src=\"https:\/\/gdparis.com\/wp-content\/uploads\/2016\/05\/Delvaux-Brilliant-by-MarcLagrange-430x340.jpg\" alt=\"Delvaux Brilliant by MarcLagrange\" width=\"430\" height=\"340\" \/><\/div>\n<\/div>\n<div class=\"coll-12\">\n<div class=\"coll-6 right-block text-block2 pull-right text-closer\">\n<p>A.F. Vandevorst These boots are not made for walking<br \/>\nEn 2013, le duo de cr\u00e9ateurs A.F. Vandevorst a con\u00e7u, en collaboration avec l\u2019entreprise diamantaire Diarough, l\u2019AWDC et le Flanders Fashion Institute, la paire de bottes la plus ch\u00e8re au monde. Sertie de 39 083 diamants naturels de couleur vive et recouverte de 4483 grammes d'or, cette cr\u00e9ation a n\u00e9cessit\u00e9 30 000 heures de travail. Pr\u00e9sent\u00e9es au monde pour la premi\u00e8re fois en 2013 lors de la Business of Design Week de Hong Kong, ces bottes sont estim\u00e9es \u00e0 3,2 millions de dollars.<\/p>\n<\/div>\n<div class=\"coll-6 left-block\"><img loading=\"lazy\" decoding=\"async\" class=\"alignleft size-journal-summary-wide wp-image-335\" src=\"https:\/\/gdparis.com\/wp-content\/uploads\/2015\/12\/A.F.-Vandevorst-boots3-430x340.jpg\" alt=\"A.F.-Vandevorst-boots\" width=\"430\" height=\"340\" \/><\/div>\n<\/div>\n<div class=\"coll-12\">\n<div class=\"coll-6 left-block text-block text-closer\">\n<p>Rubens Diamant en garantie<br \/>\nS\u2019il est aujourd\u2019hui connu comme artiste peintre, Pierre Paul Rubens \u00e9tait aussi un diplomate qui a entretenu des rapports \u00e9troits avec de nombreuses cours d\u2019Europe. Il lui arrivait d\u2019accepter des diamants et pierres pr\u00e9cieuses \u00e0 titre de paiement ou de garantie. Lorsque Marie De Medici fut condamn\u00e9e \u00e0 l\u2019exil, elle rendit visite \u00e0 Rubens \u00e0 Anvers, lequel lui remit une importante somme d'argent et re\u00e7ut, en garantie, ses bijoux.<\/p>\n<\/div>\n<div class=\"coll-6 right-block \"><img loading=\"lazy\" decoding=\"async\" class=\"alignright size-journal-summary-wide wp-image-383\" src=\"https:\/\/gdparis.com\/wp-content\/uploads\/2015\/10\/Rubens_-_Portrait_of_the_Artist-430x340.jpg\" alt=\"Rubens_-_Portrait_of_the_Artist\" width=\"430\" height=\"340\" \/><\/div>\n<\/div>\n<div class=\"coll-12\">\n<div class=\"coll-6 right-block text-block2 pull-right text-closer\">\n<p>Napol\u00e9on - Amiti\u00e9s contre diamants<br \/>\nNapol\u00e9on a visit\u00e9 Anvers 4 fois et y a achet\u00e9 le \u201cPalais du Meir\u201d pour en faire sa r\u00e9sidence locale. De l\u00e0, il voulait conqu\u00e9rir l'Angleterre. C\u2019\u00e9tait un c\u00e9l\u00e8bre amateur de diamants : la poign\u00e9e de son \u00e9p\u00e9e \u00e9tait incrust\u00e9e du diamant \u201cLe R\u00e9gent\u201d. Napol\u00e9on a \u00e9galement achet\u00e9 de nombreuses amiti\u00e9s au moyen de bo\u00eetes \u00e0 bijoux et \u00e0 tabac orn\u00e9es de diamants. Aujourd'hui, c\u2019est un chocolatier qui a investi \u201cson\u201d palais d'Anvers. On peut y admirer un buste de l\u2019Empereur en chocolat.<\/p>\n<\/div>\n<div class=\"coll-6 left-block\"><img loading=\"lazy\" decoding=\"async\" class=\"alignleft size-journal-summary-wide wp-image-360\" src=\"https:\/\/gdparis.com\/wp-content\/uploads\/2015\/12\/Napoleon_at_the_Great_St._Bernard_-_Jacques-Louis_David_Crossing-the-Alps-430x340.jpg\" alt=\"Napoleon_at_the_Great_St._Bernard_-_Jacques-Louis_David_Crossing-the-Alps\" width=\"430\" height=\"340\" \/><\/div>\n<\/div>\n<div class=\"coll-12\">\n<div class=\"coll-6 left-block text-block text-closer\">\n<p>Raquette de l\u2019ECC<br \/>\nAu Pavillon du diamant du MAS, vous pouvez admirer l\u2019impressionnante raquette en or massif, r\u00e9compense du tournoi ECC, \u00e9tincelant de ses 1617 diamants. Au total, 4 exemplaires de cette pr\u00e9cieuse raquette ont \u00e9t\u00e9 produits. Pour la remporter, il fallait remporter l\u2019ECC, le tournoi de tennis d'Anvers, \u00e0 3 reprises dans les 5 ans. Ivan Lendl (1985) et Am\u00e9lie Mauresmo (2007) sont les seuls joueurs \u00e0 y \u00eatre parvenus. Grande amatrice de diamants, Venus Williams convoitait elle aussi ce troph\u00e9e. Mais dans la finale d\u00e9cisive, elle s\u2019est inclin\u00e9e face \u00e0 la Belge Kim Clijsters. L\u2019ECC a r\u00e9cemment \u00e9t\u00e9 renomm\u00e9 Diamond Games. Son troph\u00e9e, la raquette de diamants, a \u00e9t\u00e9 redessin\u00e9 pour l\u2019occasion mais n\u2019en demeure pas moins populaire.<\/p>\n<\/div>\n<div class=\"coll-6 right-block \"><img loading=\"lazy\" decoding=\"async\" class=\"size-journal-summary-wide wp-image-340 alignright\" src=\"https:\/\/gdparis.com\/wp-content\/uploads\/2015\/12\/ECC-tennis-racket-430x340.jpg\" alt=\"ECC-tennis-racket\" width=\"430\" height=\"340\" \/><\/div>\n<\/div>\n<div class=\"coll-12\">\n<div class=\"coll-6 right-block text-block2 pull-right text-closer\">\n<p>Marcel Tolkowsky<br \/>\n90 % des diamants incolores poss\u00e8dent une coupe \u201ctaille brillant\u201d. Cette coupe \u00e0 57 facettes ou surfaces a \u00e9t\u00e9 mise au point en 1919 par l\u2019Anversois Marcel Tolkowsky. Un brillant \u00e0 la taille parfaite \u201ctriple excellent\u201d fait appara\u00eetre un motif \u201chearts &amp; arrows\u201d (une illusion d\u2019optique cr\u00e9ant des c\u0153urs et des fl\u00e8ches). Gaby Tolkowsky, le neveu de Marcel, a taill\u00e9 quelques-uns des diamants les plus c\u00e9l\u00e8bres au monde, tels le Centenaire (273,85 carats) et le Golden Jubilee (545,67 carats), le plus gros diamant facett\u00e9 au monde.<\/p>\n<\/div>\n<div class=\"coll-6 left-block\"><img loading=\"lazy\" decoding=\"async\" class=\"alignleft size-journal-summary-wide wp-image-343\" src=\"https:\/\/gdparis.com\/wp-content\/uploads\/2015\/12\/Gaby-Tolkowsky-The-Centenary-Diamond-1-430x340.jpg\" alt=\"Gaby-Tolkowsky-The-Centenary-Diamond-\" width=\"430\" height=\"340\" \/><\/div>\n<\/div>\n<\/div>\n","protected":false},"excerpt":{"rendered":"<p>Les Fr\u00e8res De Beer C\u2019est l\u2019histoire de 2 simples fermiers dont tout le monde conna\u00eet le nom. Johannes Nicolaas et Diederik Arnoldus De Beer. Lorsqu\u2019en 1865, les deux fr\u00e8res ach\u00e8tent la ferme \u201cVooruitzicht\u201d en Afrique du Sud, ils sont loin de se douter que quelques ann\u00e9es plus tard, un diamant y serait d\u00e9couvert. Les faits&#8230;  <a class=\"excerpt-read-more\" href=\"https:\/\/gdparis.com\/fr\/les-legendes-de-diamants\/\" title=\"Read Les legendes de diamants\">Read more &raquo;<\/a><\/p>\n","protected":false},"author":3,"featured_media":0,"parent":0,"menu_order":0,"comment_status":"closed","ping_status":"closed","template":"","meta":{"footnotes":""},"_links":{"self":[{"href":"https:\/\/gdparis.com\/fr\/wp-json\/wp\/v2\/pages\/1328"}],"collection":[{"href":"https:\/\/gdparis.com\/fr\/wp-json\/wp\/v2\/pages"}],"about":[{"href":"https:\/\/gdparis.com\/fr\/wp-json\/wp\/v2\/types\/page"}],"author":[{"embeddable":true,"href":"https:\/\/gdparis.com\/fr\/wp-json\/wp\/v2\/users\/3"}],"replies":[{"embeddable":true,"href":"https:\/\/gdparis.com\/fr\/wp-json\/wp\/v2\/comments?post=1328"}],"version-history":[{"count":1,"href":"https:\/\/gdparis.com\/fr\/wp-json\/wp\/v2\/pages\/1328\/revisions"}],"predecessor-version":[{"id":4305,"href":"https:\/\/gdparis.com\/fr\/wp-json\/wp\/v2\/pages\/1328\/revisions\/4305"}],"wp:attachment":[{"href":"https:\/\/gdparis.com\/fr\/wp-json\/wp\/v2\/media?parent=1328"}],"curies":[{"name":"wp","href":"https:\/\/api.w.org\/{rel}","templated":true}]}}