{"id":1326,"date":"2016-05-31T11:51:30","date_gmt":"2016-05-31T09:51:30","guid":{"rendered":"https:\/\/gdparis.com\/fr\/?page_id=1326"},"modified":"2018-09-20T14:37:15","modified_gmt":"2018-09-20T12:37:15","slug":"le-processus-kimberley-votre-serenite","status":"publish","type":"page","link":"https:\/\/gdparis.com\/fr\/le-processus-kimberley-votre-serenite\/","title":{"rendered":"Le processus Kimberley &#8211; votre s\u00e9renit\u00e9"},"content":{"rendered":"<div class=\"inner-page-sctn everything\">\n<div class=\"coll-12 sctn-two\"><img loading=\"lazy\" decoding=\"async\" class=\"aligncenter wp-image-1142 text-closer\" src=\"https:\/\/gdparis.com\/wp-content\/uploads\/2016\/07\/kimberly-process-2-1010x610.jpg\" alt=\"kimberly process\" width=\"1280\" height=\"993\" \/><\/p>\n<div class=\"space-bar1\">\n&nbsp;\n<\/div>\n<p style=\"text-align: center;\">\n\"<em>En raison du syst\u00e8me de certification du Processus de Kimberley, les diamants sont parmi les ressources naturelles les plus surveill\u00e9es et v\u00e9rifi\u00e9es au monde.<\/p>\n<p style=\"text-align: center;\"> Ce syst\u00e8me se r\u00e9v\u00e8le \u00eatre un outil essentiel et efficace dans la lutte contre le fl\u00e9au des diamants de conflits.<\/em>\"<\/p>\n<p style=\"float:right;\">-Eli Izhakoff, <em>Pr\u00e9sident du Conseil Mondial du Diamant<\/em><\/p>\n<\/div>\n<div class=\"coll-12\">\n<div class=\"coll-6 right-block pull-right text-closer\"><img loading=\"lazy\" decoding=\"async\" class=\"size-home-feature-alt wp-image-290 alignright\" src=\"https:\/\/gdparis.com\/wp-content\/uploads\/2015\/10\/Kimberley-Process-certificate-2-464x325.jpg\" alt=\"Kimberley-Process-certificate-2\" width=\"464\" height=\"325\" \/><\/div>\n<div class=\"coll-6 left-block text-closer\">C\u2019est en 1998 que l'ONU mentionne les diamants de conflits pour la premi\u00e8re fois et interdit leur achat en Angola. Ind\u00e9pendant depuis 1975, l\u2019Angola est en proie \u00e0 une guerre civile qui dure de 1974 \u00e0 2001, car plusieurs partis ne veulent pas accepter le gouvernement l\u00e9gitime en place. L'Union Nationale pour l'Ind\u00e9pendance Totale de l'Angola (UNITA) a r\u00e9alis\u00e9 une vente de 3,72 milliards de dollars en diamants afin de financer la guerre contre le gouvernement. En 1998, Global Witness, l\u2019une des premi\u00e8res organisations \u00e0 mentionner les diamants de conflits, publie un rapport intitul\u00e9 \"Un commerce brut\", r\u00e9v\u00e9lant le r\u00f4le des diamants dans le financement des rebelles de l'UNITA. C\u2019est l\u00e0 la premi\u00e8re \u00e9tape vers l'arr\u00eat du commerce des diamants de conflits.<br \/>\n&nbsp;<br \/>\nAujourd'hui, 75 pays, la Communaut\u00e9 Europ\u00e9enne comptant pour un seul participant, sont membres du Processus de Kimberley. Le Conseil Mondial du Diamant, Global Witness et Partenariat Afrique Canada participent \u00e9galement au Processus de Kimberley. Pour adh\u00e9rer au Processus de Kimberley, un pays doit satisfaire aux exigences minimales \u00e9nonc\u00e9es par le SCPK et soumettre son adh\u00e9sion \u00e0 la Pr\u00e9sidence du PK. Le Pr\u00e9sident \u00e9value alors la situation et, en collaboration avec le comit\u00e9 de participation.<\/p>\n<\/div>\n<\/div>\n<div class=\"coll-12 sctn-two\">Si un pays satisfait \u00e0 ces exigences minimales il doit alors \u201cmettre en place une l\u00e9gislation nationale, les institutions n\u00e9cessaires pour l\u2019appliquer, les contr\u00f4les import-export comme les v\u00e9rifications internes, et s\u2019engager \u00e9galement \u00e0 la transparence comme \u00e0 l'\u00e9change de donn\u00e9es statistiques\u201d. Quand un pays entre dans le Processus de Kimberley, la richesse de sa production de diamants devient un stabilisateur politique et contribue ainsi \u00e0 la paix. En outre, la transparence que le Processus de Kimberley implique pour ses participants oblige ces pays \u00e0 pr\u00e9senter leurs finances. Ils doivent ainsi g\u00e9rer leurs d\u00e9penses et assurer le bien-\u00eatre de leur population. Les seules mines de diamants contr\u00f4l\u00e9es par les forces rebelles se trouvent en C\u00f4te d'Ivoire. Le Processus de Kimberley, l'ONU ainsi que tous les pays voisins, travaillent ensemble pour emp\u00eacher les diamants de C\u00f4te d'Ivoire d'entrer sur le march\u00e9. Un autre pays pose probl\u00e8me, le Congo. Malgr\u00e9 l'absence d'industrie mini\u00e8re, le Congo a \u00e9t\u00e9 expuls\u00e9 du Processus de Kimberley pour exportation de grandes quantit\u00e9s de diamants bruts d\u2019origines incontr\u00f4l\u00e9es. D\u2019autre part, le Venezuela a volontairement suspendu ses importations et exportations de diamants bruts en 2008. Le coup d\u2019Etat de 2002, qui a co\u00fbt\u00e9 cher au pays, a emp\u00each\u00e9 d'atteindre assez rapidement les objectifs fix\u00e9s par le Processus de Kimberley, suite \u00e0 l\u2019adh\u00e9sion en 2003 du Venezuela \u00e0 cette organisation. Toutefois, le Venezuela entretient de bons contacts avec le Processus de Kimberley.<\/div>\n<div class=\"coll-12 sctn-two\"><img loading=\"lazy\" decoding=\"async\" class=\"aligncenter wp-image-403 size-full text-closer\" src=\"https:\/\/gdparis.com\/wp-content\/uploads\/2015\/10\/Kimberley_process-members.jpg\" alt=\"Kimberley_process-members\" width=\"1427\" height=\"628\" srcset=\"https:\/\/gdparis.com\/wp-content\/uploads\/2015\/10\/Kimberley_process-members.jpg 1427w, https:\/\/gdparis.com\/wp-content\/uploads\/2015\/10\/Kimberley_process-members-300x132.jpg 300w, https:\/\/gdparis.com\/wp-content\/uploads\/2015\/10\/Kimberley_process-members-768x338.jpg 768w, https:\/\/gdparis.com\/wp-content\/uploads\/2015\/10\/Kimberley_process-members-1024x451.jpg 1024w, https:\/\/gdparis.com\/wp-content\/uploads\/2015\/10\/Kimberley_process-members-700x308.jpg 700w\" sizes=\"(max-width: 1427px) 100vw, 1427px\" \/><\/p>\n<div class=\"space-bar1\"><\/div>\n<h2>Nouvelles probl\u00e9matiques<\/h2>\n<p>Le Processus de Kimberley a men\u00e9 \u00e0 d\u2019importants progr\u00e8s non seulement dans la lutte contre le commerce des diamants, mais aussi en r\u00e9alisant une prise de conscience sur la situation des pays en d\u00e9veloppement dont nous savons si peu, mais dont nous avons tant besoin. Le Processus de Kimberley a rappel\u00e9 \u00e0 l'industrie et au monde entier qu'il est important de prendre des mesures et d\u2019assumer ses responsabilit\u00e9s. Cependant, il a aussi ses limites. La mission du Processus de Kimberley se limite \u00e0 s\u2019assurer que les diamants ne sont pas utilis\u00e9s pour financer des guerres.<\/p>\n<p>Mais qu'en est-il des violations des droits humains, ou m\u00eame des questions environnementales ? Les r\u00e9centes violations des droits humains au Zimbabwe en sont un parfait exemple. Elles ont remis en question le Processus de Kimberley car le Zimbabwe n\u2019\u00e9tait alors ni en guerre, ni sous le contr\u00f4le d\u2019une force rebelle tentant de contr\u00f4ler les mines de diamants. En outre, le Zimbabwe satisfaisant aux exigences du SCPK a fait de grands efforts pour d\u00e9velopper son industrie mini\u00e8re. Mais lorsque les soldats gouvernementaux utilisent la violence contre des mineurs ill\u00e9gaux et n\u00e9gligent leurs droits humains fondamentaux, cela pose clairement la question de la limite de l'autorit\u00e9 du Processus de Kimberley.<\/p>\n<p>Ces probl\u00e8mes ne concernent pas uniquement l'industrie du diamant. En r\u00e9alit\u00e9, tous les pays, s\u2019ils poss\u00e8dent d\u2019importantes ressources naturelles et si le respect des droits humains et environnementaux est faible, devraient \u00eatre concern\u00e9s. Bien que l'industrie du diamant contribue constamment \u00e0 la recherche d'autres moyens d'action pour am\u00e9liorer tous les aspects de sa production et du commerce, seule une collaboration de tous les secteurs peut appeler un v\u00e9ritable changement.<\/p>\n<\/div>\n<\/div>\n","protected":false},"excerpt":{"rendered":"<p>&nbsp; \u00ab\u00a0En raison du syst\u00e8me de certification du Processus de Kimberley, les diamants sont parmi les ressources naturelles les plus surveill\u00e9es et v\u00e9rifi\u00e9es au monde. Ce syst\u00e8me se r\u00e9v\u00e8le \u00eatre un outil essentiel et efficace dans la lutte contre le fl\u00e9au des diamants de conflits.\u00a0\u00bb -Eli Izhakoff, Pr\u00e9sident du Conseil Mondial du Diamant C\u2019est en&#8230;  <a class=\"excerpt-read-more\" href=\"https:\/\/gdparis.com\/fr\/le-processus-kimberley-votre-serenite\/\" title=\"Read Le processus Kimberley &#8211; votre s\u00e9renit\u00e9\">Read more &raquo;<\/a><\/p>\n","protected":false},"author":3,"featured_media":0,"parent":0,"menu_order":0,"comment_status":"closed","ping_status":"closed","template":"","meta":{"footnotes":""},"_links":{"self":[{"href":"https:\/\/gdparis.com\/fr\/wp-json\/wp\/v2\/pages\/1326"}],"collection":[{"href":"https:\/\/gdparis.com\/fr\/wp-json\/wp\/v2\/pages"}],"about":[{"href":"https:\/\/gdparis.com\/fr\/wp-json\/wp\/v2\/types\/page"}],"author":[{"embeddable":true,"href":"https:\/\/gdparis.com\/fr\/wp-json\/wp\/v2\/users\/3"}],"replies":[{"embeddable":true,"href":"https:\/\/gdparis.com\/fr\/wp-json\/wp\/v2\/comments?post=1326"}],"version-history":[{"count":1,"href":"https:\/\/gdparis.com\/fr\/wp-json\/wp\/v2\/pages\/1326\/revisions"}],"predecessor-version":[{"id":4303,"href":"https:\/\/gdparis.com\/fr\/wp-json\/wp\/v2\/pages\/1326\/revisions\/4303"}],"wp:attachment":[{"href":"https:\/\/gdparis.com\/fr\/wp-json\/wp\/v2\/media?parent=1326"}],"curies":[{"name":"wp","href":"https:\/\/api.w.org\/{rel}","templated":true}]}}