{"id":1324,"date":"2016-05-30T21:33:21","date_gmt":"2016-05-30T19:33:21","guid":{"rendered":"https:\/\/gdparis.com\/fr\/?page_id=1324"},"modified":"2018-09-20T14:37:13","modified_gmt":"2018-09-20T12:37:13","slug":"anvers-la-cite-des-diamants","status":"publish","type":"page","link":"https:\/\/gdparis.com\/fr\/anvers-la-cite-des-diamants\/","title":{"rendered":"Anvers: La cit\u00e9 des diamants"},"content":{"rendered":"<div class=\"inner-page-sctn everything\">\n<div class=\"coll-12 sctn-two\">\n<img loading=\"lazy\" decoding=\"async\" class=\"aligncenter wp-image-289 text-closer\" src=\"https:\/\/gdparis.com\/wp-content\/uploads\/2016\/07\/Antwerpen_Centraal_station_1920s1.jpg\" alt=\"Antwerpen_Centraal_station_1920s\" width=\"1280\" height=\"775\" \/><\/p>\n<div class=\"space-bar1\">\n&nbsp;<br \/>\n&nbsp;\n<\/div>\n<p>Au 15\u00e8me si\u00e8cle, Anvers devient le centre de l\u2019industrie diamantaire. Gr\u00e2ce \u00e0 la qualit\u00e9 de leurs diamants et \u00e0 la minutie de leurs ouvrages, les artisans ont rapidement inspir\u00e9 confiance et fid\u00e9lit\u00e9 au monde entier. C\u2019est \u00e0 l\u2019importance de son port et \u00e0 son ouverture illimit\u00e9e aux march\u00e9s europ\u00e9ens qu\u2019Anvers doit sa forte croissance et sa renomm\u00e9e.<br \/>\n&nbsp;<br \/>\nLe document le plus ancien attestant de la pratique du commerce du diamant \u00e0 Anvers date de 1447:<\/p>\n<div class=\"space-bar1\">\n\n<\/div>\n<p style=\"text-align: center;\">\u201c..no one within the city of Antwerp is to buy, sell, pawn or pass on any false stones imitating diamonds, rubies, emerald or sapphires, ...\u201d<\/p>\n<\/div>\n<div class=\"coll-12\">\n<div class=\"coll-6 right-block pull-right text-closer\">\n<img loading=\"lazy\" decoding=\"async\" class=\"alignright wp-image-1008 size-portfolio-four\" src=\"https:\/\/gdparis.com\/wp-content\/uploads\/2016\/05\/Joseph-Asscher-making-the-initial-incision-on-the-Cullinan-Diamond-in-Antwerp-700x485.jpg\" alt=\"Joseph Asscher making the initial incision on the Cullinan Diamond in Antwerp\" width=\"550\" height=\"485\" \/><\/div>\n<div class=\"coll-6 left-block \">\nD\u00e8s les premiers temps, Anvers cr\u00e9e une zone de commerce r\u00e9gul\u00e9 et inspire confiance \u00e0 une industrie en plein essor. De fait, les ouvrages des artisans d\u2019Anvers deviennent encore plus raffin\u00e9s et plus novateurs.<br \/>\n&nbsp;<br \/>\nL\u2019anversois Lodewijck van Bercken, le c\u00e9l\u00e8bre inventeur de la \"scaif\", r\u00e9volutionne l\u2019art du polissage des diamants. Son nouvel appareil, une roue de polissage couverte d\u2019un m\u00e9lange d\u2019huile d\u2019olive et de poussi\u00e8re de diamant, permet aux artisans de tailler toutes les facettes du diamant avec une sym\u00e9trie parfaite et des angles qui refl\u00e8tent mieux la lumi\u00e8re.<br \/>\n&nbsp;<br \/>\nA partir de ce jour, les diamants deviennent c\u00e9l\u00e8bres non seulement pour leur solidit\u00e9 mais pour leur \u00e9clat inimitable. Le travail de Lodewijck van Bercken est alors si important que Charles le T\u00e9m\u00e9raire devient son protecteur. Ce dernier commande alors la taille de trois diamants : - Le premier est le c\u00e9l\u00e8bre Sancy port\u00e9 par le Roi - Le second, un bijou cr\u00e9\u00e9 pour le Pape Sixte IV - Le troisi\u00e8me, une bague sertie d\u2019un diamant triangulaire est offerte \u00e0 Louis XI, roi de France, en signe de sa reconnaissance. Tr\u00e8s vite, tous les experts diamantaires d\u2019Europe se r\u00e9unissent \u00e0 Anvers pour apprendre les secrets de l\u2019art de la taille. Anvers devient la ville de r\u00e9f\u00e9rence pour cet art. 1585 voit l\u2019arriv\u00e9e d\u2019un nouveau d\u00e9cret : chaque tailleur doit jurer de respecter scrupuleusement chaque r\u00e8gle instaur\u00e9e par le commerce diamantaire.<\/div>\n<\/div>\n<div class=\"coll-12 sctn-two \">\nIl n\u2019est pas un diamant au monde qui ne passe par Anvers. Les gros diamants y sont taill\u00e9s et les plus petits y sont inspect\u00e9s puis 50% y sont vendus. On compte pas moins de 84% des diamants bruts n\u00e9goci\u00e9s \u00e0 Anvers.<br \/>\n&nbsp;<br \/>\nAujourd\u2019hui encore, la ville d\u2019Anvers repr\u00e9sente le c\u0153ur du commerce de diamants. On compte plus de 227 millions de carats en pierres brutes et polies pour un chiffre d\u2019affaire de 58 milliards de dollars. Voila ce qui rend le diamant aussi important : il est l\u2019un des principaux produits d\u2019exportation de Belgique. Il y a 1700 diamantaires et 4 bourses, regroup\u00e9s dans une zone d\u20191 km\u00b2 aux environs de la rue Hoveniersstraat. 32 600 personnes font directement ou indirectement partie de ce r\u00e9seau de travailleurs diamantaires.<br \/>\n&nbsp;<br \/>\nChaque ann\u00e9e, plus d\u20191 milliard de dollars en diamants taill\u00e9s sont vendus dans ce quartier diamantaire.<br \/>\n&nbsp;<br \/>\nAnvers fut et demeure la ville des diamants. Son pouvoir, son art et son expertise n\u2019ont pas d\u2019\u00e9gaux dans le monde entier.<\/p>\n<div class=\"space-bar1\">\n&nbsp;\n<\/div>\n<p><img loading=\"lazy\" decoding=\"async\" class=\"aligncenter wp-image-428\" src=\"https:\/\/gdparis.com\/wp-content\/uploads\/2016\/07\/Bespoke-Design-HRD-Antwerp-diamonds-Galeries-du-Diamant-1024x724-1.jpg\" alt=\"Bespoke-Design-HRD-Antwerp-diamonds-Galeries-du-Diamant\" width=\"1280\" height=\"905\" \/>\n<\/div>\n<\/div>\n","protected":false},"excerpt":{"rendered":"<p>&nbsp; &nbsp; Au 15\u00e8me si\u00e8cle, Anvers devient le centre de l\u2019industrie diamantaire. Gr\u00e2ce \u00e0 la qualit\u00e9 de leurs diamants et \u00e0 la minutie de leurs ouvrages, les artisans ont rapidement inspir\u00e9 confiance et fid\u00e9lit\u00e9 au monde entier. C\u2019est \u00e0 l\u2019importance de son port et \u00e0 son ouverture illimit\u00e9e aux march\u00e9s europ\u00e9ens qu\u2019Anvers doit sa forte&#8230;  <a class=\"excerpt-read-more\" href=\"https:\/\/gdparis.com\/fr\/anvers-la-cite-des-diamants\/\" title=\"Read Anvers: La cit\u00e9 des diamants\">Read more &raquo;<\/a><\/p>\n","protected":false},"author":3,"featured_media":0,"parent":0,"menu_order":0,"comment_status":"closed","ping_status":"closed","template":"","meta":{"footnotes":""},"_links":{"self":[{"href":"https:\/\/gdparis.com\/fr\/wp-json\/wp\/v2\/pages\/1324"}],"collection":[{"href":"https:\/\/gdparis.com\/fr\/wp-json\/wp\/v2\/pages"}],"about":[{"href":"https:\/\/gdparis.com\/fr\/wp-json\/wp\/v2\/types\/page"}],"author":[{"embeddable":true,"href":"https:\/\/gdparis.com\/fr\/wp-json\/wp\/v2\/users\/3"}],"replies":[{"embeddable":true,"href":"https:\/\/gdparis.com\/fr\/wp-json\/wp\/v2\/comments?post=1324"}],"version-history":[{"count":1,"href":"https:\/\/gdparis.com\/fr\/wp-json\/wp\/v2\/pages\/1324\/revisions"}],"predecessor-version":[{"id":4292,"href":"https:\/\/gdparis.com\/fr\/wp-json\/wp\/v2\/pages\/1324\/revisions\/4292"}],"wp:attachment":[{"href":"https:\/\/gdparis.com\/fr\/wp-json\/wp\/v2\/media?parent=1324"}],"curies":[{"name":"wp","href":"https:\/\/api.w.org\/{rel}","templated":true}]}}